{"id":1076,"date":"2024-02-27T00:04:11","date_gmt":"2024-02-27T00:04:11","guid":{"rendered":"https:\/\/laboratoriodehistoria.pt\/?page_id=1076"},"modified":"2024-03-01T12:04:32","modified_gmt":"2024-03-01T12:04:32","slug":"projetos","status":"publish","type":"page","link":"https:\/\/laboratoriodehistoria.pt\/index.php\/projetos\/","title":{"rendered":"Projetos"},"content":{"rendered":"\t<div class=\"wp-block-jetpack-gif alignright\">\n\t\t<figure>\n\t\t\t\t\t\t\t<div class=\"wp-block-jetpack-gif-wrapper\" style=\"padding-top:56%\">\n\t\t\t\t\t<iframe src=\"https:\/\/giphy.com\/embed\/ToMjGpDvCkRu9lHREUE\" title=\"cooperation\"><\/iframe>\n\t\t\t\t<\/div>\n\t\t\t\t\t\t\t\t<\/figure>\n\t<\/div>\n\t\n\n\n<div class=\"wp-block-group has-global-padding is-layout-constrained wp-block-group-is-layout-constrained\">\n<div class=\"wp-block-group is-vertical is-layout-flex wp-container-core-group-layout-4 wp-block-group-is-layout-flex\">\n<div class=\"wp-block-group has-global-padding is-layout-constrained wp-block-group-is-layout-constrained\">\n<div class=\"wp-block-group alignwide is-vertical is-layout-flex wp-container-core-group-layout-2 wp-block-group-is-layout-flex\">\n<p class=\"has-text-align-left\">O Laborat\u00f3rio HTC tem colaborado ao longo dos \u00faltimos anos com uma pan\u00f3plia de Projetos&#8230; <br>Saiba mais acerca de cada um destes!<\/p>\n\n\n\n<div class=\"wp-block-group is-vertical is-layout-flex wp-container-core-group-layout-1 wp-block-group-is-layout-flex\">\n<div class=\"wp-block-buttons is-layout-flex wp-block-buttons-is-layout-flex\">\n<div class=\"wp-block-button\"><a class=\"wp-block-button__link wp-element-button\" href=\"https:\/\/memoriaparatodos.pt\" target=\"_blank\" rel=\"noreferrer noopener\">Mem\u00f3ria Para Todos<\/a><\/div>\n\n\n\n<div class=\"wp-block-button\"><a class=\"wp-block-button__link wp-element-button\" href=\"https:\/\/resistencianofeminino.fcsh.unl.pt\" target=\"_blank\" rel=\"noreferrer noopener\">Resist\u00eancia no Feminino<\/a><\/div>\n<\/div>\n\n\n\n<div class=\"wp-block-buttons is-layout-flex wp-block-buttons-is-layout-flex\">\n<div class=\"wp-block-button\"><a class=\"wp-block-button__link wp-element-button\" href=\"https:\/\/jornalissimo.com\" target=\"_blank\" rel=\"noreferrer noopener\">Jornal\u00edssimo<\/a><\/div>\n\n\n\n<div class=\"wp-block-button\"><a class=\"wp-block-button__link wp-element-button\" href=\"https:\/\/www.rbe.mec.pt\/np4\/CientificamenteProvavel.html\" target=\"_blank\" rel=\"noreferrer noopener\">Cientificamente Prov\u00e1vel<\/a><\/div>\n<\/div>\n<\/div>\n<\/div>\n<\/div>\n<\/div>\n\n\n\n<p><\/p>\n<\/div>\n\n\n\n<p><\/p>\n","protected":false},"excerpt":{"rendered":"<p>O Laborat\u00f3rio HTC tem colaborado ao longo dos \u00faltimos anos com uma pan\u00f3plia de Projetos&#8230; Saiba mais acerca de cada um destes!<\/p>\n","protected":false},"author":4,"featured_media":0,"parent":0,"menu_order":1,"comment_status":"closed","ping_status":"closed","template":"","meta":{"footnotes":""},"yoast_head":"<!-- This site is optimized with the Yoast SEO plugin v23.5 - https:\/\/yoast.com\/wordpress\/plugins\/seo\/ -->\n<title>Projetos - Laborat\u00f3rio de Hist\u00f3ria, Territ\u00f3rios e Comunidades<\/title>\n<meta name=\"robots\" content=\"index, follow, max-snippet:-1, max-image-preview:large, max-video-preview:-1\" \/>\n<link rel=\"canonical\" href=\"https:\/\/laboratoriodehistoria.pt\/index.php\/projetos\/\" \/>\n<meta property=\"og:locale\" content=\"pt_PT\" \/>\n<meta property=\"og:type\" content=\"article\" \/>\n<meta property=\"og:title\" content=\"Projetos - Laborat\u00f3rio de Hist\u00f3ria, Territ\u00f3rios e Comunidades\" \/>\n<meta property=\"og:description\" content=\"O Laborat\u00f3rio HTC tem colaborado ao longo dos \u00faltimos anos com uma pan\u00f3plia de Projetos&#8230; Saiba mais acerca de cada um destes!\" \/>\n<meta property=\"og:url\" content=\"https:\/\/laboratoriodehistoria.pt\/index.php\/projetos\/\" \/>\n<meta property=\"og:site_name\" content=\"Laborat\u00f3rio de Hist\u00f3ria, Territ\u00f3rios e Comunidades\" \/>\n<meta property=\"article:modified_time\" content=\"2024-03-01T12:04:32+00:00\" \/>\n<meta name=\"twitter:card\" content=\"summary_large_image\" \/>\n<meta name=\"twitter:label1\" content=\"Tempo estimado de leitura\" \/>\n\t<meta name=\"twitter:data1\" content=\"1 minuto\" \/>\n<script type=\"application\/ld+json\" class=\"yoast-schema-graph\">{\"@context\":\"https:\/\/schema.org\",\"@graph\":[{\"@type\":\"WebPage\",\"@id\":\"https:\/\/laboratoriodehistoria.pt\/index.php\/projetos\/\",\"url\":\"https:\/\/laboratoriodehistoria.pt\/index.php\/projetos\/\",\"name\":\"Projetos - Laborat\u00f3rio de Hist\u00f3ria, Territ\u00f3rios e Comunidades\",\"isPartOf\":{\"@id\":\"https:\/\/laboratoriodehistoria.pt\/#website\"},\"datePublished\":\"2024-02-27T00:04:11+00:00\",\"dateModified\":\"2024-03-01T12:04:32+00:00\",\"breadcrumb\":{\"@id\":\"https:\/\/laboratoriodehistoria.pt\/index.php\/projetos\/#breadcrumb\"},\"inLanguage\":\"pt-PT\",\"potentialAction\":[{\"@type\":\"ReadAction\",\"target\":[\"https:\/\/laboratoriodehistoria.pt\/index.php\/projetos\/\"]}]},{\"@type\":\"BreadcrumbList\",\"@id\":\"https:\/\/laboratoriodehistoria.pt\/index.php\/projetos\/#breadcrumb\",\"itemListElement\":[{\"@type\":\"ListItem\",\"position\":1,\"name\":\"Home\",\"item\":\"https:\/\/laboratoriodehistoria.pt\/\"},{\"@type\":\"ListItem\",\"position\":2,\"name\":\"Projetos\"}]},{\"@type\":\"WebSite\",\"@id\":\"https:\/\/laboratoriodehistoria.pt\/#website\",\"url\":\"https:\/\/laboratoriodehistoria.pt\/\",\"name\":\"Laborat\u00f3rio de Hist\u00f3ria, Territ\u00f3rios e Comunidades\",\"description\":\"\",\"potentialAction\":[{\"@type\":\"SearchAction\",\"target\":{\"@type\":\"EntryPoint\",\"urlTemplate\":\"https:\/\/laboratoriodehistoria.pt\/?s={search_term_string}\"},\"query-input\":{\"@type\":\"PropertyValueSpecification\",\"valueRequired\":true,\"valueName\":\"search_term_string\"}}],\"inLanguage\":\"pt-PT\"}]}<\/script>\n<!-- \/ Yoast SEO plugin. -->","yoast_head_json":{"title":"Projetos - Laborat\u00f3rio de Hist\u00f3ria, Territ\u00f3rios e Comunidades","robots":{"index":"index","follow":"follow","max-snippet":"max-snippet:-1","max-image-preview":"max-image-preview:large","max-video-preview":"max-video-preview:-1"},"canonical":"https:\/\/laboratoriodehistoria.pt\/index.php\/projetos\/","og_locale":"pt_PT","og_type":"article","og_title":"Projetos - Laborat\u00f3rio de Hist\u00f3ria, Territ\u00f3rios e Comunidades","og_description":"O Laborat\u00f3rio HTC tem colaborado ao longo dos \u00faltimos anos com uma pan\u00f3plia de Projetos&#8230; Saiba mais acerca de cada um destes!","og_url":"https:\/\/laboratoriodehistoria.pt\/index.php\/projetos\/","og_site_name":"Laborat\u00f3rio de Hist\u00f3ria, Territ\u00f3rios e Comunidades","article_modified_time":"2024-03-01T12:04:32+00:00","twitter_card":"summary_large_image","twitter_misc":{"Tempo estimado de leitura":"1 minuto"},"schema":{"@context":"https:\/\/schema.org","@graph":[{"@type":"WebPage","@id":"https:\/\/laboratoriodehistoria.pt\/index.php\/projetos\/","url":"https:\/\/laboratoriodehistoria.pt\/index.php\/projetos\/","name":"Projetos - Laborat\u00f3rio de Hist\u00f3ria, Territ\u00f3rios e Comunidades","isPartOf":{"@id":"https:\/\/laboratoriodehistoria.pt\/#website"},"datePublished":"2024-02-27T00:04:11+00:00","dateModified":"2024-03-01T12:04:32+00:00","breadcrumb":{"@id":"https:\/\/laboratoriodehistoria.pt\/index.php\/projetos\/#breadcrumb"},"inLanguage":"pt-PT","potentialAction":[{"@type":"ReadAction","target":["https:\/\/laboratoriodehistoria.pt\/index.php\/projetos\/"]}]},{"@type":"BreadcrumbList","@id":"https:\/\/laboratoriodehistoria.pt\/index.php\/projetos\/#breadcrumb","itemListElement":[{"@type":"ListItem","position":1,"name":"Home","item":"https:\/\/laboratoriodehistoria.pt\/"},{"@type":"ListItem","position":2,"name":"Projetos"}]},{"@type":"WebSite","@id":"https:\/\/laboratoriodehistoria.pt\/#website","url":"https:\/\/laboratoriodehistoria.pt\/","name":"Laborat\u00f3rio de Hist\u00f3ria, Territ\u00f3rios e Comunidades","description":"","potentialAction":[{"@type":"SearchAction","target":{"@type":"EntryPoint","urlTemplate":"https:\/\/laboratoriodehistoria.pt\/?s={search_term_string}"},"query-input":{"@type":"PropertyValueSpecification","valueRequired":true,"valueName":"search_term_string"}}],"inLanguage":"pt-PT"}]}},"jetpack_sharing_enabled":true,"_links":{"self":[{"href":"https:\/\/laboratoriodehistoria.pt\/index.php\/wp-json\/wp\/v2\/pages\/1076"}],"collection":[{"href":"https:\/\/laboratoriodehistoria.pt\/index.php\/wp-json\/wp\/v2\/pages"}],"about":[{"href":"https:\/\/laboratoriodehistoria.pt\/index.php\/wp-json\/wp\/v2\/types\/page"}],"author":[{"embeddable":true,"href":"https:\/\/laboratoriodehistoria.pt\/index.php\/wp-json\/wp\/v2\/users\/4"}],"replies":[{"embeddable":true,"href":"https:\/\/laboratoriodehistoria.pt\/index.php\/wp-json\/wp\/v2\/comments?post=1076"}],"version-history":[{"count":7,"href":"https:\/\/laboratoriodehistoria.pt\/index.php\/wp-json\/wp\/v2\/pages\/1076\/revisions"}],"predecessor-version":[{"id":1551,"href":"https:\/\/laboratoriodehistoria.pt\/index.php\/wp-json\/wp\/v2\/pages\/1076\/revisions\/1551"}],"wp:attachment":[{"href":"https:\/\/laboratoriodehistoria.pt\/index.php\/wp-json\/wp\/v2\/media?parent=1076"}],"curies":[{"name":"wp","href":"https:\/\/api.w.org\/{rel}","templated":true}]}}