{"id":1130,"date":"2020-11-08T17:29:03","date_gmt":"2020-11-08T17:29:03","guid":{"rendered":"https:\/\/laboratoriodehistoria.pt\/?page_id=1130"},"modified":"2024-03-01T10:07:07","modified_gmt":"2024-03-01T10:07:07","slug":"e-books","status":"publish","type":"page","link":"https:\/\/laboratoriodehistoria.pt\/index.php\/e-books\/","title":{"rendered":"E-books"},"content":{"rendered":"\n<div class=\"wp-block-columns alignwide is-layout-flex wp-container-core-columns-layout-2 wp-block-columns-is-layout-flex\">\n<div class=\"wp-block-column is-layout-flow wp-block-column-is-layout-flow\">\n<p>Alguns trabalhos produzidos no \u00e2mbito do <a href=\"http:\/\/iniciacao\">programa de inicia\u00e7\u00e3o \u00e0 investiga\u00e7\u00e3o hist\u00f3rica<\/a> foram editados e compilados segundo a escola e por ano letivo. A sua publica\u00e7\u00e3o pode ser consultada a seguir<\/p>\n\n\n\n<p><\/p>\n\n\n\n<p><\/p>\n\n\n\n<p><\/p>\n\n\n\n<p><strong><em><a href=\"https:\/\/drive.google.com\/file\/d\/18TduYeQpmJuSQvXKa4MUecd2B_bO-t7C\/view?usp=sharing\">Tem\u00e1ticas e Problem\u00e1ticas da Hist\u00f3ria Contempor\u00e2nea 2014-15<\/a><\/em><\/strong><br>Escola Secund\u00e1ria de Cam\u00f5es<\/p>\n\n\n\n<p><\/p>\n\n\n\n<p><a href=\"https:\/\/drive.google.com\/file\/d\/1p0ntkQ4jiqciPnQeGhWkvncJrEqEHxov\/view?usp=share_link\"><strong><em>Tem\u00e1ticas e Problem\u00e1ticas da Hist\u00f3ria Contempor\u00e2nea 2015-16<\/em><\/strong><\/a><br>Escola Secund\u00e1ria de Cam\u00f5es<\/p>\n\n\n\n<p><\/p>\n\n\n\n<p><a href=\"https:\/\/drive.google.com\/file\/d\/1Ryl8TaCrmQ1FBvRQILXaIIzmiqJMwf9a\/view?usp=share_link\"><strong><em>Tem\u00e1ticas e Problem\u00e1ticas da Hist\u00f3ria Contempor\u00e2nea 2016-2017<\/em><\/strong><\/a><br>Escola Secund\u00e1ria de Cam\u00f5es<\/p>\n\n\n\n<p><\/p>\n\n\n\n<div class=\"wp-block-columns is-layout-flex wp-container-core-columns-layout-1 wp-block-columns-is-layout-flex\">\n<div class=\"wp-block-column is-layout-flow wp-block-column-is-layout-flow\">\n<p><strong><em><a href=\"https:\/\/drive.google.com\/file\/d\/1pmgKjYfg3pnppn-cIFNLnHWyBEAJy7of\/view?usp=share_link\">Tem\u00e1ticas e Problem\u00e1ticas da Hist\u00f3ria Contempor\u00e2nea 2017-2018<\/a><\/em><\/strong><br>Escola Secund\u00e1ria de Cam\u00f5es<\/p>\n\n\n\n<p><\/p>\n\n\n\n<p><strong><em><a href=\"https:\/\/drive.google.com\/file\/d\/1DkgjoRJYcYqH8EfPZAPy_kGAOHiaktc4\/view?usp=share_link\">Fazer Hist\u00f3ria no Cam\u00f5es. Tem\u00e1ticas e Problem\u00e1ticas da Hist\u00f3ria Contempor\u00e2nea 2018-2019<\/a><\/em><\/strong><br>Escola Secund\u00e1ria de Cam\u00f5es<\/p>\n\n\n\n<p><\/p>\n\n\n\n<p><strong><em><a href=\"https:\/\/drive.google.com\/file\/d\/1PHJ-HeySsueHd_x5tBryIDl449lvl1Ac\/view?usp=share_link\">Fazer Hist\u00f3ria em Set\u00fabal. Tem\u00e1ticas e Problem\u00e1tica da Hist\u00f3ria Contempor\u00e2nea 2018-2019<\/a><\/em><\/strong><br>Escola Secund\u00e1ria Du Bocage<\/p>\n\n\n\n<p><\/p>\n\n\n\n<p><em><strong><a href=\"https:\/\/drive.google.com\/file\/d\/1JgwdginiahCYt-BPev91qK4v6x1HF99e\/view?usp=share_link\">Fazer Hist\u00f3ria no Cam\u00f5es. Tem\u00e1ticas e Problem\u00e1ticas da Hist\u00f3ria Contempor\u00e2nea 2019-2020.<\/a><\/strong><\/em><br>Escola Secund\u00e1ria de Cam\u00f5es<\/p>\n\n\n\n<p><\/p>\n\n\n\n<p><strong><em><a href=\"https:\/\/drive.google.com\/file\/d\/1a81TgbD3OUvAcYyqEuQSXeMZsv4njAUL\/view?usp=share_link\">Fazer Hist\u00f3ria em Set\u00fabal. Tem\u00e1ticas e Problem\u00e1ticas da Hist\u00f3ria Contempor\u00e2nea 2020-2021.<\/a><\/em><\/strong><br>Escola Secund\u00e1ria Du Bocage<\/p>\n\n\n\n<p><\/p>\n\n\n\n<p><strong><em><a href=\"https:\/\/drive.google.com\/file\/d\/1a81TgbD3OUvAcYyqEuQSXeMZsv4njAUL\/view?usp=share_link\">Fazer Hist\u00f3ria no Cam\u00f5es. Tem\u00e1ticas e Problem\u00e1ticas da Hist\u00f3ria Contempor\u00e2nea 2020-20<\/a><a href=\"https:\/\/drive.google.com\/file\/d\/1RRYI0fE4oqMIq3OORbj9yoPvuxSnPrXJ\/view?usp=share_link\">21.<\/a><\/em><\/strong><br>Escola Secund\u00e1ria de Cam\u00f5es<\/p>\n<\/div>\n<\/div>\n<\/div>\n\n\n\n<div class=\"wp-block-column is-layout-flow wp-block-column-is-layout-flow\">\n<div class=\"wp-block-cover\"><span aria-hidden=\"true\" class=\"wp-block-cover__background has-background-dim\"><\/span><div class=\"wp-block-cover__inner-container is-layout-flow wp-block-cover-is-layout-flow\">\n<figure class=\"wp-block-image aligncenter size-full\"><img loading=\"lazy\" decoding=\"async\" width=\"595\" height=\"841\" data-attachment-id=\"1500\" data-permalink=\"https:\/\/laboratoriodehistoria.pt\/index.php\/e-books\/ebook-2\/\" data-orig-file=\"https:\/\/i0.wp.com\/laboratoriodehistoria.pt\/wp-content\/uploads\/2024\/03\/ebook.jpg?fit=595%2C841&amp;ssl=1\" data-orig-size=\"595,841\" data-comments-opened=\"1\" data-image-meta=\"{&quot;aperture&quot;:&quot;0&quot;,&quot;credit&quot;:&quot;&quot;,&quot;camera&quot;:&quot;&quot;,&quot;caption&quot;:&quot;&quot;,&quot;created_timestamp&quot;:&quot;0&quot;,&quot;copyright&quot;:&quot;&quot;,&quot;focal_length&quot;:&quot;0&quot;,&quot;iso&quot;:&quot;0&quot;,&quot;shutter_speed&quot;:&quot;0&quot;,&quot;title&quot;:&quot;&quot;,&quot;orientation&quot;:&quot;0&quot;}\" data-image-title=\"ebook\" data-image-description=\"\" data-image-caption=\"\" data-medium-file=\"https:\/\/i0.wp.com\/laboratoriodehistoria.pt\/wp-content\/uploads\/2024\/03\/ebook.jpg?fit=212%2C300&amp;ssl=1\" data-large-file=\"https:\/\/i0.wp.com\/laboratoriodehistoria.pt\/wp-content\/uploads\/2024\/03\/ebook.jpg?fit=595%2C841&amp;ssl=1\" tabindex=\"0\" role=\"button\" src=\"https:\/\/i0.wp.com\/laboratoriodehistoria.pt\/wp-content\/uploads\/2024\/03\/ebook.jpg?resize=595%2C841&#038;ssl=1\" alt=\"\" class=\"wp-image-1500\" srcset=\"https:\/\/i0.wp.com\/laboratoriodehistoria.pt\/wp-content\/uploads\/2024\/03\/ebook.jpg?w=595&amp;ssl=1 595w, https:\/\/i0.wp.com\/laboratoriodehistoria.pt\/wp-content\/uploads\/2024\/03\/ebook.jpg?resize=212%2C300&amp;ssl=1 212w\" sizes=\"(max-width: 595px) 100vw, 595px\" data-recalc-dims=\"1\" \/><\/figure>\n\n\n\n<p class=\"has-text-align-center has-large-font-size\"><\/p>\n<\/div><\/div>\n<\/div>\n<\/div>\n\n\n\n<div class=\"wp-block-columns is-layout-flex wp-container-core-columns-layout-3 wp-block-columns-is-layout-flex\">\n<div class=\"wp-block-column is-layout-flow wp-block-column-is-layout-flow\"><\/div>\n\n\n\n<div class=\"wp-block-column is-layout-flow wp-block-column-is-layout-flow\"><\/div>\n<\/div>\n","protected":false},"excerpt":{"rendered":"<p>Alguns trabalhos produzidos no \u00e2mbito do programa de inicia\u00e7\u00e3o \u00e0 investiga\u00e7\u00e3o hist\u00f3rica foram editados e compilados segundo a escola e por ano letivo. A sua publica\u00e7\u00e3o pode ser consultada a seguir Tem\u00e1ticas e Problem\u00e1ticas da Hist\u00f3ria Contempor\u00e2nea 2014-15Escola Secund\u00e1ria de Cam\u00f5es Tem\u00e1ticas e Problem\u00e1ticas da Hist\u00f3ria Contempor\u00e2nea 2015-16Escola Secund\u00e1ria de Cam\u00f5es Tem\u00e1ticas e Problem\u00e1ticas da [&hellip;]<\/p>\n","protected":false},"author":4,"featured_media":0,"parent":0,"menu_order":0,"comment_status":"closed","ping_status":"closed","template":"","meta":{"footnotes":""},"yoast_head":"<!-- This site is optimized with the Yoast SEO plugin v23.5 - https:\/\/yoast.com\/wordpress\/plugins\/seo\/ -->\n<title>E-books - Laborat\u00f3rio de Hist\u00f3ria, Territ\u00f3rios e Comunidades<\/title>\n<meta name=\"robots\" content=\"index, follow, max-snippet:-1, max-image-preview:large, max-video-preview:-1\" \/>\n<link rel=\"canonical\" href=\"https:\/\/laboratoriodehistoria.pt\/index.php\/e-books\/\" \/>\n<meta property=\"og:locale\" content=\"pt_PT\" \/>\n<meta property=\"og:type\" content=\"article\" \/>\n<meta property=\"og:title\" content=\"E-books - Laborat\u00f3rio de Hist\u00f3ria, Territ\u00f3rios e Comunidades\" \/>\n<meta property=\"og:description\" content=\"Alguns trabalhos produzidos no \u00e2mbito do programa de inicia\u00e7\u00e3o \u00e0 investiga\u00e7\u00e3o hist\u00f3rica foram editados e compilados segundo a escola e por ano letivo. A sua publica\u00e7\u00e3o pode ser consultada a seguir Tem\u00e1ticas e Problem\u00e1ticas da Hist\u00f3ria Contempor\u00e2nea 2014-15Escola Secund\u00e1ria de Cam\u00f5es Tem\u00e1ticas e Problem\u00e1ticas da Hist\u00f3ria Contempor\u00e2nea 2015-16Escola Secund\u00e1ria de Cam\u00f5es Tem\u00e1ticas e Problem\u00e1ticas da [&hellip;]\" \/>\n<meta property=\"og:url\" content=\"https:\/\/laboratoriodehistoria.pt\/index.php\/e-books\/\" \/>\n<meta property=\"og:site_name\" content=\"Laborat\u00f3rio de Hist\u00f3ria, Territ\u00f3rios e Comunidades\" \/>\n<meta property=\"article:modified_time\" content=\"2024-03-01T10:07:07+00:00\" \/>\n<meta property=\"og:image\" content=\"https:\/\/laboratoriodehistoria.pt\/wp-content\/uploads\/2024\/03\/ebook.jpg\" \/>\n<meta name=\"twitter:card\" content=\"summary_large_image\" \/>\n<meta name=\"twitter:label1\" content=\"Tempo estimado de leitura\" \/>\n\t<meta name=\"twitter:data1\" content=\"2 minutos\" \/>\n<script type=\"application\/ld+json\" class=\"yoast-schema-graph\">{\"@context\":\"https:\/\/schema.org\",\"@graph\":[{\"@type\":\"WebPage\",\"@id\":\"https:\/\/laboratoriodehistoria.pt\/index.php\/e-books\/\",\"url\":\"https:\/\/laboratoriodehistoria.pt\/index.php\/e-books\/\",\"name\":\"E-books - Laborat\u00f3rio de Hist\u00f3ria, Territ\u00f3rios e Comunidades\",\"isPartOf\":{\"@id\":\"https:\/\/laboratoriodehistoria.pt\/#website\"},\"primaryImageOfPage\":{\"@id\":\"https:\/\/laboratoriodehistoria.pt\/index.php\/e-books\/#primaryimage\"},\"image\":{\"@id\":\"https:\/\/laboratoriodehistoria.pt\/index.php\/e-books\/#primaryimage\"},\"thumbnailUrl\":\"https:\/\/laboratoriodehistoria.pt\/wp-content\/uploads\/2024\/03\/ebook.jpg\",\"datePublished\":\"2020-11-08T17:29:03+00:00\",\"dateModified\":\"2024-03-01T10:07:07+00:00\",\"breadcrumb\":{\"@id\":\"https:\/\/laboratoriodehistoria.pt\/index.php\/e-books\/#breadcrumb\"},\"inLanguage\":\"pt-PT\",\"potentialAction\":[{\"@type\":\"ReadAction\",\"target\":[\"https:\/\/laboratoriodehistoria.pt\/index.php\/e-books\/\"]}]},{\"@type\":\"ImageObject\",\"inLanguage\":\"pt-PT\",\"@id\":\"https:\/\/laboratoriodehistoria.pt\/index.php\/e-books\/#primaryimage\",\"url\":\"https:\/\/i0.wp.com\/laboratoriodehistoria.pt\/wp-content\/uploads\/2024\/03\/ebook.jpg?fit=595%2C841&ssl=1\",\"contentUrl\":\"https:\/\/i0.wp.com\/laboratoriodehistoria.pt\/wp-content\/uploads\/2024\/03\/ebook.jpg?fit=595%2C841&ssl=1\",\"width\":595,\"height\":841},{\"@type\":\"BreadcrumbList\",\"@id\":\"https:\/\/laboratoriodehistoria.pt\/index.php\/e-books\/#breadcrumb\",\"itemListElement\":[{\"@type\":\"ListItem\",\"position\":1,\"name\":\"Home\",\"item\":\"https:\/\/laboratoriodehistoria.pt\/\"},{\"@type\":\"ListItem\",\"position\":2,\"name\":\"E-books\"}]},{\"@type\":\"WebSite\",\"@id\":\"https:\/\/laboratoriodehistoria.pt\/#website\",\"url\":\"https:\/\/laboratoriodehistoria.pt\/\",\"name\":\"Laborat\u00f3rio de Hist\u00f3ria, Territ\u00f3rios e Comunidades\",\"description\":\"\",\"potentialAction\":[{\"@type\":\"SearchAction\",\"target\":{\"@type\":\"EntryPoint\",\"urlTemplate\":\"https:\/\/laboratoriodehistoria.pt\/?s={search_term_string}\"},\"query-input\":{\"@type\":\"PropertyValueSpecification\",\"valueRequired\":true,\"valueName\":\"search_term_string\"}}],\"inLanguage\":\"pt-PT\"}]}<\/script>\n<!-- \/ Yoast SEO plugin. -->","yoast_head_json":{"title":"E-books - Laborat\u00f3rio de Hist\u00f3ria, Territ\u00f3rios e Comunidades","robots":{"index":"index","follow":"follow","max-snippet":"max-snippet:-1","max-image-preview":"max-image-preview:large","max-video-preview":"max-video-preview:-1"},"canonical":"https:\/\/laboratoriodehistoria.pt\/index.php\/e-books\/","og_locale":"pt_PT","og_type":"article","og_title":"E-books - Laborat\u00f3rio de Hist\u00f3ria, Territ\u00f3rios e Comunidades","og_description":"Alguns trabalhos produzidos no \u00e2mbito do programa de inicia\u00e7\u00e3o \u00e0 investiga\u00e7\u00e3o hist\u00f3rica foram editados e compilados segundo a escola e por ano letivo. A sua publica\u00e7\u00e3o pode ser consultada a seguir Tem\u00e1ticas e Problem\u00e1ticas da Hist\u00f3ria Contempor\u00e2nea 2014-15Escola Secund\u00e1ria de Cam\u00f5es Tem\u00e1ticas e Problem\u00e1ticas da Hist\u00f3ria Contempor\u00e2nea 2015-16Escola Secund\u00e1ria de Cam\u00f5es Tem\u00e1ticas e Problem\u00e1ticas da [&hellip;]","og_url":"https:\/\/laboratoriodehistoria.pt\/index.php\/e-books\/","og_site_name":"Laborat\u00f3rio de Hist\u00f3ria, Territ\u00f3rios e Comunidades","article_modified_time":"2024-03-01T10:07:07+00:00","og_image":[{"url":"https:\/\/laboratoriodehistoria.pt\/wp-content\/uploads\/2024\/03\/ebook.jpg"}],"twitter_card":"summary_large_image","twitter_misc":{"Tempo estimado de leitura":"2 minutos"},"schema":{"@context":"https:\/\/schema.org","@graph":[{"@type":"WebPage","@id":"https:\/\/laboratoriodehistoria.pt\/index.php\/e-books\/","url":"https:\/\/laboratoriodehistoria.pt\/index.php\/e-books\/","name":"E-books - Laborat\u00f3rio de Hist\u00f3ria, Territ\u00f3rios e Comunidades","isPartOf":{"@id":"https:\/\/laboratoriodehistoria.pt\/#website"},"primaryImageOfPage":{"@id":"https:\/\/laboratoriodehistoria.pt\/index.php\/e-books\/#primaryimage"},"image":{"@id":"https:\/\/laboratoriodehistoria.pt\/index.php\/e-books\/#primaryimage"},"thumbnailUrl":"https:\/\/laboratoriodehistoria.pt\/wp-content\/uploads\/2024\/03\/ebook.jpg","datePublished":"2020-11-08T17:29:03+00:00","dateModified":"2024-03-01T10:07:07+00:00","breadcrumb":{"@id":"https:\/\/laboratoriodehistoria.pt\/index.php\/e-books\/#breadcrumb"},"inLanguage":"pt-PT","potentialAction":[{"@type":"ReadAction","target":["https:\/\/laboratoriodehistoria.pt\/index.php\/e-books\/"]}]},{"@type":"ImageObject","inLanguage":"pt-PT","@id":"https:\/\/laboratoriodehistoria.pt\/index.php\/e-books\/#primaryimage","url":"https:\/\/i0.wp.com\/laboratoriodehistoria.pt\/wp-content\/uploads\/2024\/03\/ebook.jpg?fit=595%2C841&ssl=1","contentUrl":"https:\/\/i0.wp.com\/laboratoriodehistoria.pt\/wp-content\/uploads\/2024\/03\/ebook.jpg?fit=595%2C841&ssl=1","width":595,"height":841},{"@type":"BreadcrumbList","@id":"https:\/\/laboratoriodehistoria.pt\/index.php\/e-books\/#breadcrumb","itemListElement":[{"@type":"ListItem","position":1,"name":"Home","item":"https:\/\/laboratoriodehistoria.pt\/"},{"@type":"ListItem","position":2,"name":"E-books"}]},{"@type":"WebSite","@id":"https:\/\/laboratoriodehistoria.pt\/#website","url":"https:\/\/laboratoriodehistoria.pt\/","name":"Laborat\u00f3rio de Hist\u00f3ria, Territ\u00f3rios e Comunidades","description":"","potentialAction":[{"@type":"SearchAction","target":{"@type":"EntryPoint","urlTemplate":"https:\/\/laboratoriodehistoria.pt\/?s={search_term_string}"},"query-input":{"@type":"PropertyValueSpecification","valueRequired":true,"valueName":"search_term_string"}}],"inLanguage":"pt-PT"}]}},"jetpack_sharing_enabled":true,"_links":{"self":[{"href":"https:\/\/laboratoriodehistoria.pt\/index.php\/wp-json\/wp\/v2\/pages\/1130"}],"collection":[{"href":"https:\/\/laboratoriodehistoria.pt\/index.php\/wp-json\/wp\/v2\/pages"}],"about":[{"href":"https:\/\/laboratoriodehistoria.pt\/index.php\/wp-json\/wp\/v2\/types\/page"}],"author":[{"embeddable":true,"href":"https:\/\/laboratoriodehistoria.pt\/index.php\/wp-json\/wp\/v2\/users\/4"}],"replies":[{"embeddable":true,"href":"https:\/\/laboratoriodehistoria.pt\/index.php\/wp-json\/wp\/v2\/comments?post=1130"}],"version-history":[{"count":20,"href":"https:\/\/laboratoriodehistoria.pt\/index.php\/wp-json\/wp\/v2\/pages\/1130\/revisions"}],"predecessor-version":[{"id":1501,"href":"https:\/\/laboratoriodehistoria.pt\/index.php\/wp-json\/wp\/v2\/pages\/1130\/revisions\/1501"}],"wp:attachment":[{"href":"https:\/\/laboratoriodehistoria.pt\/index.php\/wp-json\/wp\/v2\/media?parent=1130"}],"curies":[{"name":"wp","href":"https:\/\/api.w.org\/{rel}","templated":true}]}}