{"id":1226,"date":"2020-11-09T16:22:45","date_gmt":"2020-11-09T16:22:45","guid":{"rendered":"https:\/\/laboratoriodehistoria.pt\/?page_id=1226"},"modified":"2021-02-22T13:05:39","modified_gmt":"2021-02-22T13:05:39","slug":"exposicoes","status":"publish","type":"page","link":"https:\/\/laboratoriodehistoria.pt\/index.php\/exposicoes\/","title":{"rendered":"Exposi\u00e7\u00f5es"},"content":{"rendered":"\n<p>A exposi\u00e7\u00e3o \u201cM\u00e1rio Soares: A Europa Connosco\u201d \u00e9 dedicada ao pensamento de M\u00e1rio Soares sobre a Europa e o projeto europeu e \u00e0 sua a\u00e7\u00e3o no processo de integra\u00e7\u00e3o de Portugal nas Comunidades Europeias.<br>Esta visita acompanha o percurso de M\u00e1rio Soares, os seus escritos, as suas tomadas de posi\u00e7\u00e3o, as suas interven\u00e7\u00f5es, os contactos que travou nacional e internacionalmente na oposi\u00e7\u00e3o \u00e0 ditadura e em democracia; o papel determinante que desempenhou no processo de ades\u00e3o de Portugal \u00e0s Comunidades Europeias e, tamb\u00e9m, a sua atua\u00e7\u00e3o e vis\u00e3o pol\u00edtica da Europa nos v\u00e1rios cargos que ocupou.<br>Atrav\u00e9s de correspond\u00eancia, apontamentos, relat\u00f3rios, telegramas, jornais, fotografias, cartazes, v\u00eddeos\u2026 percorremos 70 anos da nossa hist\u00f3ria recente.<br>Mais informa\u00e7\u00f5es em: <a href=\"http:\/\/soares-europa.fmsoares.pt\/pt\/\" target=\"_blank\" rel=\"noreferrer noopener\">http:\/\/soares-europa.fmsoares.pt\/pt\/<\/a><\/p>\n\n\n\n<figure class=\"wp-block-embed is-type-video is-provider-youtube wp-block-embed-youtube wp-embed-aspect-16-9 wp-has-aspect-ratio\"><div class=\"wp-block-embed__wrapper\">\n<iframe loading=\"lazy\" title=\"Visita | Exposi\u00e7\u00e3o \u201cM\u00e1rio Soares: A Europa Connosco\u201d\" width=\"500\" height=\"281\" src=\"https:\/\/www.youtube.com\/embed\/sFZcoMFoiJw?feature=oembed\" frameborder=\"0\" allow=\"accelerometer; autoplay; clipboard-write; encrypted-media; gyroscope; picture-in-picture; web-share\" allowfullscreen><\/iframe>\n<\/div><\/figure>\n","protected":false},"excerpt":{"rendered":"<p>A exposi\u00e7\u00e3o \u201cM\u00e1rio Soares: A Europa Connosco\u201d \u00e9 dedicada ao pensamento de M\u00e1rio Soares sobre a Europa e o projeto europeu e \u00e0 sua a\u00e7\u00e3o no processo de integra\u00e7\u00e3o de Portugal nas Comunidades Europeias.Esta visita acompanha o percurso de M\u00e1rio Soares, os seus escritos, as suas tomadas de posi\u00e7\u00e3o, as suas interven\u00e7\u00f5es, os contactos que [&hellip;]<\/p>\n","protected":false},"author":4,"featured_media":0,"parent":0,"menu_order":0,"comment_status":"closed","ping_status":"closed","template":"","meta":{"footnotes":""},"yoast_head":"<!-- This site is optimized with the Yoast SEO plugin v23.5 - https:\/\/yoast.com\/wordpress\/plugins\/seo\/ -->\n<title>Exposi\u00e7\u00f5es - Laborat\u00f3rio de Hist\u00f3ria, Territ\u00f3rios e Comunidades<\/title>\n<meta name=\"robots\" content=\"index, follow, max-snippet:-1, max-image-preview:large, max-video-preview:-1\" \/>\n<link rel=\"canonical\" href=\"https:\/\/laboratoriodehistoria.pt\/index.php\/exposicoes\/\" \/>\n<meta property=\"og:locale\" content=\"pt_PT\" \/>\n<meta property=\"og:type\" content=\"article\" \/>\n<meta property=\"og:title\" content=\"Exposi\u00e7\u00f5es - Laborat\u00f3rio de Hist\u00f3ria, Territ\u00f3rios e Comunidades\" \/>\n<meta property=\"og:description\" content=\"A exposi\u00e7\u00e3o \u201cM\u00e1rio Soares: A Europa Connosco\u201d \u00e9 dedicada ao pensamento de M\u00e1rio Soares sobre a Europa e o projeto europeu e \u00e0 sua a\u00e7\u00e3o no processo de integra\u00e7\u00e3o de Portugal nas Comunidades Europeias.Esta visita acompanha o percurso de M\u00e1rio Soares, os seus escritos, as suas tomadas de posi\u00e7\u00e3o, as suas interven\u00e7\u00f5es, os contactos que [&hellip;]\" \/>\n<meta property=\"og:url\" content=\"https:\/\/laboratoriodehistoria.pt\/index.php\/exposicoes\/\" \/>\n<meta property=\"og:site_name\" content=\"Laborat\u00f3rio de Hist\u00f3ria, Territ\u00f3rios e Comunidades\" \/>\n<meta property=\"article:modified_time\" content=\"2021-02-22T13:05:39+00:00\" \/>\n<meta name=\"twitter:card\" content=\"summary_large_image\" \/>\n<meta name=\"twitter:label1\" content=\"Tempo estimado de leitura\" \/>\n\t<meta name=\"twitter:data1\" content=\"1 minuto\" \/>\n<script type=\"application\/ld+json\" class=\"yoast-schema-graph\">{\"@context\":\"https:\/\/schema.org\",\"@graph\":[{\"@type\":\"WebPage\",\"@id\":\"https:\/\/laboratoriodehistoria.pt\/index.php\/exposicoes\/\",\"url\":\"https:\/\/laboratoriodehistoria.pt\/index.php\/exposicoes\/\",\"name\":\"Exposi\u00e7\u00f5es - Laborat\u00f3rio de Hist\u00f3ria, Territ\u00f3rios e Comunidades\",\"isPartOf\":{\"@id\":\"https:\/\/laboratoriodehistoria.pt\/#website\"},\"datePublished\":\"2020-11-09T16:22:45+00:00\",\"dateModified\":\"2021-02-22T13:05:39+00:00\",\"breadcrumb\":{\"@id\":\"https:\/\/laboratoriodehistoria.pt\/index.php\/exposicoes\/#breadcrumb\"},\"inLanguage\":\"pt-PT\",\"potentialAction\":[{\"@type\":\"ReadAction\",\"target\":[\"https:\/\/laboratoriodehistoria.pt\/index.php\/exposicoes\/\"]}]},{\"@type\":\"BreadcrumbList\",\"@id\":\"https:\/\/laboratoriodehistoria.pt\/index.php\/exposicoes\/#breadcrumb\",\"itemListElement\":[{\"@type\":\"ListItem\",\"position\":1,\"name\":\"Home\",\"item\":\"https:\/\/laboratoriodehistoria.pt\/\"},{\"@type\":\"ListItem\",\"position\":2,\"name\":\"Exposi\u00e7\u00f5es\"}]},{\"@type\":\"WebSite\",\"@id\":\"https:\/\/laboratoriodehistoria.pt\/#website\",\"url\":\"https:\/\/laboratoriodehistoria.pt\/\",\"name\":\"Laborat\u00f3rio de Hist\u00f3ria, Territ\u00f3rios e Comunidades\",\"description\":\"\",\"potentialAction\":[{\"@type\":\"SearchAction\",\"target\":{\"@type\":\"EntryPoint\",\"urlTemplate\":\"https:\/\/laboratoriodehistoria.pt\/?s={search_term_string}\"},\"query-input\":{\"@type\":\"PropertyValueSpecification\",\"valueRequired\":true,\"valueName\":\"search_term_string\"}}],\"inLanguage\":\"pt-PT\"}]}<\/script>\n<!-- \/ Yoast SEO plugin. -->","yoast_head_json":{"title":"Exposi\u00e7\u00f5es - Laborat\u00f3rio de Hist\u00f3ria, Territ\u00f3rios e Comunidades","robots":{"index":"index","follow":"follow","max-snippet":"max-snippet:-1","max-image-preview":"max-image-preview:large","max-video-preview":"max-video-preview:-1"},"canonical":"https:\/\/laboratoriodehistoria.pt\/index.php\/exposicoes\/","og_locale":"pt_PT","og_type":"article","og_title":"Exposi\u00e7\u00f5es - Laborat\u00f3rio de Hist\u00f3ria, Territ\u00f3rios e Comunidades","og_description":"A exposi\u00e7\u00e3o \u201cM\u00e1rio Soares: A Europa Connosco\u201d \u00e9 dedicada ao pensamento de M\u00e1rio Soares sobre a Europa e o projeto europeu e \u00e0 sua a\u00e7\u00e3o no processo de integra\u00e7\u00e3o de Portugal nas Comunidades Europeias.Esta visita acompanha o percurso de M\u00e1rio Soares, os seus escritos, as suas tomadas de posi\u00e7\u00e3o, as suas interven\u00e7\u00f5es, os contactos que [&hellip;]","og_url":"https:\/\/laboratoriodehistoria.pt\/index.php\/exposicoes\/","og_site_name":"Laborat\u00f3rio de Hist\u00f3ria, Territ\u00f3rios e Comunidades","article_modified_time":"2021-02-22T13:05:39+00:00","twitter_card":"summary_large_image","twitter_misc":{"Tempo estimado de leitura":"1 minuto"},"schema":{"@context":"https:\/\/schema.org","@graph":[{"@type":"WebPage","@id":"https:\/\/laboratoriodehistoria.pt\/index.php\/exposicoes\/","url":"https:\/\/laboratoriodehistoria.pt\/index.php\/exposicoes\/","name":"Exposi\u00e7\u00f5es - Laborat\u00f3rio de Hist\u00f3ria, Territ\u00f3rios e Comunidades","isPartOf":{"@id":"https:\/\/laboratoriodehistoria.pt\/#website"},"datePublished":"2020-11-09T16:22:45+00:00","dateModified":"2021-02-22T13:05:39+00:00","breadcrumb":{"@id":"https:\/\/laboratoriodehistoria.pt\/index.php\/exposicoes\/#breadcrumb"},"inLanguage":"pt-PT","potentialAction":[{"@type":"ReadAction","target":["https:\/\/laboratoriodehistoria.pt\/index.php\/exposicoes\/"]}]},{"@type":"BreadcrumbList","@id":"https:\/\/laboratoriodehistoria.pt\/index.php\/exposicoes\/#breadcrumb","itemListElement":[{"@type":"ListItem","position":1,"name":"Home","item":"https:\/\/laboratoriodehistoria.pt\/"},{"@type":"ListItem","position":2,"name":"Exposi\u00e7\u00f5es"}]},{"@type":"WebSite","@id":"https:\/\/laboratoriodehistoria.pt\/#website","url":"https:\/\/laboratoriodehistoria.pt\/","name":"Laborat\u00f3rio de Hist\u00f3ria, Territ\u00f3rios e Comunidades","description":"","potentialAction":[{"@type":"SearchAction","target":{"@type":"EntryPoint","urlTemplate":"https:\/\/laboratoriodehistoria.pt\/?s={search_term_string}"},"query-input":{"@type":"PropertyValueSpecification","valueRequired":true,"valueName":"search_term_string"}}],"inLanguage":"pt-PT"}]}},"jetpack_sharing_enabled":true,"_links":{"self":[{"href":"https:\/\/laboratoriodehistoria.pt\/index.php\/wp-json\/wp\/v2\/pages\/1226"}],"collection":[{"href":"https:\/\/laboratoriodehistoria.pt\/index.php\/wp-json\/wp\/v2\/pages"}],"about":[{"href":"https:\/\/laboratoriodehistoria.pt\/index.php\/wp-json\/wp\/v2\/types\/page"}],"author":[{"embeddable":true,"href":"https:\/\/laboratoriodehistoria.pt\/index.php\/wp-json\/wp\/v2\/users\/4"}],"replies":[{"embeddable":true,"href":"https:\/\/laboratoriodehistoria.pt\/index.php\/wp-json\/wp\/v2\/comments?post=1226"}],"version-history":[{"count":2,"href":"https:\/\/laboratoriodehistoria.pt\/index.php\/wp-json\/wp\/v2\/pages\/1226\/revisions"}],"predecessor-version":[{"id":1285,"href":"https:\/\/laboratoriodehistoria.pt\/index.php\/wp-json\/wp\/v2\/pages\/1226\/revisions\/1285"}],"wp:attachment":[{"href":"https:\/\/laboratoriodehistoria.pt\/index.php\/wp-json\/wp\/v2\/media?parent=1226"}],"curies":[{"name":"wp","href":"https:\/\/api.w.org\/{rel}","templated":true}]}}