{"id":1686,"date":"2024-03-01T17:19:46","date_gmt":"2024-03-01T17:19:46","guid":{"rendered":"https:\/\/laboratoriodehistoria.pt\/?page_id=1686"},"modified":"2024-07-31T10:45:01","modified_gmt":"2024-07-31T10:45:01","slug":"parcerias","status":"publish","type":"page","link":"https:\/\/laboratoriodehistoria.pt\/index.php\/parcerias\/","title":{"rendered":"Parcerias"},"content":{"rendered":"\n<div class=\"wp-block-columns alignwide is-layout-flex wp-container-core-columns-layout-1 wp-block-columns-is-layout-flex\">\n<div class=\"wp-block-column is-layout-flow wp-block-column-is-layout-flow\">\n<p><a href=\"https:\/\/liceucamoes.wixsite.com\/camoes\" target=\"_blank\" rel=\"noreferrer noopener\">Escola Secund\u00e1ria de Cam\u00f5es (Lisboa)<\/a><\/p>\n\n\n\n<div class=\"wp-block-buttons is-layout-flex wp-block-buttons-is-layout-flex\">\n<div class=\"wp-block-button\"><a class=\"wp-block-button__link wp-element-button\" href=\"https:\/\/liceucamoes.wixsite.com\/camoes\/laboratorio-de-historia.\" target=\"_blank\" rel=\"noreferrer noopener\">PIIH<\/a><\/div>\n\n\n\n<div class=\"wp-block-button\"><a class=\"wp-block-button__link wp-element-button\" href=\"https:\/\/muescgeral.wixsite.com\/museuescola\" target=\"_blank\" rel=\"noreferrer noopener\">MUESC<\/a><\/div>\n<\/div>\n<\/div>\n\n\n\n<div class=\"wp-block-column is-layout-flow wp-block-column-is-layout-flow\">\n<p><a href=\"https:\/\/laboratoriodehistoria.pt\/index.php\/palestras\/\">Palestras<\/a><br><a href=\"https:\/\/laboratoriodehistoria.pt\/index.php\/visitas\/\">Visitas<\/a><br>Caf\u00e9 Europa<\/p>\n\n\n\n<figure class=\"wp-block-image size-large\"><img loading=\"lazy\" decoding=\"async\" width=\"1536\" height=\"960\" data-attachment-id=\"1706\" data-permalink=\"https:\/\/laboratoriodehistoria.pt\/camoes-parceria-1-2\/\" data-orig-file=\"https:\/\/i0.wp.com\/laboratoriodehistoria.pt\/wp-content\/uploads\/2024\/03\/Camoes-Parceria-1-edited.jpg?fit=1536%2C960&amp;ssl=1\" data-orig-size=\"1536,960\" data-comments-opened=\"1\" data-image-meta=\"{&quot;aperture&quot;:&quot;0&quot;,&quot;credit&quot;:&quot;&quot;,&quot;camera&quot;:&quot;&quot;,&quot;caption&quot;:&quot;&quot;,&quot;created_timestamp&quot;:&quot;0&quot;,&quot;copyright&quot;:&quot;&quot;,&quot;focal_length&quot;:&quot;0&quot;,&quot;iso&quot;:&quot;0&quot;,&quot;shutter_speed&quot;:&quot;0&quot;,&quot;title&quot;:&quot;&quot;,&quot;orientation&quot;:&quot;0&quot;}\" data-image-title=\"Camoes-Parceria-1\" data-image-description=\"\" data-image-caption=\"\" data-medium-file=\"https:\/\/i0.wp.com\/laboratoriodehistoria.pt\/wp-content\/uploads\/2024\/03\/Camoes-Parceria-1-edited.jpg?fit=300%2C188&amp;ssl=1\" data-large-file=\"https:\/\/i0.wp.com\/laboratoriodehistoria.pt\/wp-content\/uploads\/2024\/03\/Camoes-Parceria-1-edited.jpg?fit=1024%2C640&amp;ssl=1\" tabindex=\"0\" role=\"button\" src=\"https:\/\/i0.wp.com\/laboratoriodehistoria.pt\/wp-content\/uploads\/2024\/03\/Camoes-Parceria-1-edited.jpg?resize=1536%2C960&#038;ssl=1\" alt=\"\" class=\"wp-image-1706\" srcset=\"https:\/\/i0.wp.com\/laboratoriodehistoria.pt\/wp-content\/uploads\/2024\/03\/Camoes-Parceria-1-edited.jpg?w=1536&amp;ssl=1 1536w, https:\/\/i0.wp.com\/laboratoriodehistoria.pt\/wp-content\/uploads\/2024\/03\/Camoes-Parceria-1-edited.jpg?resize=300%2C188&amp;ssl=1 300w, https:\/\/i0.wp.com\/laboratoriodehistoria.pt\/wp-content\/uploads\/2024\/03\/Camoes-Parceria-1-edited.jpg?resize=1024%2C640&amp;ssl=1 1024w, https:\/\/i0.wp.com\/laboratoriodehistoria.pt\/wp-content\/uploads\/2024\/03\/Camoes-Parceria-1-edited.jpg?resize=768%2C480&amp;ssl=1 768w\" sizes=\"(max-width: 1000px) 100vw, 1000px\" data-recalc-dims=\"1\" \/><figcaption class=\"wp-element-caption\"><em>workshop<\/em> Pistas e Provas em Hist\u00f3ria, Fevereiro de 2023<\/figcaption><\/figure>\n<\/div>\n<\/div>\n\n\n\n<p><\/p>\n\n\n\n<div class=\"wp-block-columns alignwide is-layout-flex wp-container-core-columns-layout-2 wp-block-columns-is-layout-flex\">\n<div class=\"wp-block-column is-layout-flow wp-block-column-is-layout-flow\">\n<p>&nbsp;<a href=\"https:\/\/espn.edu.pt\" target=\"_blank\" rel=\"noreferrer noopener\">Escola Secund\u00e1ria Pedro Nunes (Lisboa)<\/a><\/p>\n<\/div>\n\n\n\n<div class=\"wp-block-column is-layout-flow wp-block-column-is-layout-flow\">\n<p><a href=\"https:\/\/laboratoriodehistoria.pt\/index.php\/palestras\/\">Palestras<\/a><br>Clube Europeu<br>Semana da Leitura<\/p>\n\n\n\n<figure class=\"wp-block-image size-large\"><img loading=\"lazy\" decoding=\"async\" width=\"2048\" height=\"1280\" data-attachment-id=\"1708\" data-permalink=\"https:\/\/laboratoriodehistoria.pt\/pedro-nunes-parceria-1-2\/\" data-orig-file=\"https:\/\/i0.wp.com\/laboratoriodehistoria.pt\/wp-content\/uploads\/2024\/03\/Pedro-Nunes-Parceria-1-edited.jpg?fit=2048%2C1280&amp;ssl=1\" data-orig-size=\"2048,1280\" data-comments-opened=\"1\" data-image-meta=\"{&quot;aperture&quot;:&quot;0&quot;,&quot;credit&quot;:&quot;&quot;,&quot;camera&quot;:&quot;&quot;,&quot;caption&quot;:&quot;&quot;,&quot;created_timestamp&quot;:&quot;0&quot;,&quot;copyright&quot;:&quot;&quot;,&quot;focal_length&quot;:&quot;0&quot;,&quot;iso&quot;:&quot;0&quot;,&quot;shutter_speed&quot;:&quot;0&quot;,&quot;title&quot;:&quot;&quot;,&quot;orientation&quot;:&quot;0&quot;}\" data-image-title=\"Pedro-Nunes-Parceria-1\" data-image-description=\"\" data-image-caption=\"\" data-medium-file=\"https:\/\/i0.wp.com\/laboratoriodehistoria.pt\/wp-content\/uploads\/2024\/03\/Pedro-Nunes-Parceria-1-edited.jpg?fit=300%2C188&amp;ssl=1\" data-large-file=\"https:\/\/i0.wp.com\/laboratoriodehistoria.pt\/wp-content\/uploads\/2024\/03\/Pedro-Nunes-Parceria-1-edited.jpg?fit=1024%2C640&amp;ssl=1\" tabindex=\"0\" role=\"button\" src=\"https:\/\/i0.wp.com\/laboratoriodehistoria.pt\/wp-content\/uploads\/2024\/03\/Pedro-Nunes-Parceria-1-edited.jpg?resize=2048%2C1280&#038;ssl=1\" alt=\"\" class=\"wp-image-1708\" srcset=\"https:\/\/i0.wp.com\/laboratoriodehistoria.pt\/wp-content\/uploads\/2024\/03\/Pedro-Nunes-Parceria-1-edited.jpg?w=2048&amp;ssl=1 2048w, https:\/\/i0.wp.com\/laboratoriodehistoria.pt\/wp-content\/uploads\/2024\/03\/Pedro-Nunes-Parceria-1-edited.jpg?resize=300%2C188&amp;ssl=1 300w, https:\/\/i0.wp.com\/laboratoriodehistoria.pt\/wp-content\/uploads\/2024\/03\/Pedro-Nunes-Parceria-1-edited.jpg?resize=1024%2C640&amp;ssl=1 1024w, https:\/\/i0.wp.com\/laboratoriodehistoria.pt\/wp-content\/uploads\/2024\/03\/Pedro-Nunes-Parceria-1-edited.jpg?resize=768%2C480&amp;ssl=1 768w, https:\/\/i0.wp.com\/laboratoriodehistoria.pt\/wp-content\/uploads\/2024\/03\/Pedro-Nunes-Parceria-1-edited.jpg?resize=1536%2C960&amp;ssl=1 1536w\" sizes=\"(max-width: 1000px) 100vw, 1000px\" data-recalc-dims=\"1\" \/><figcaption class=\"wp-element-caption\">palestra &#8220;O Secretariado da Propaganda Nacional&nbsp;e a pol\u00edtica do esp\u00edrito&#8221;, Mar\u00e7o de 2023<\/figcaption><\/figure>\n<\/div>\n<\/div>\n\n\n\n<p><\/p>\n\n\n\n<div class=\"wp-block-columns alignwide is-layout-flex wp-container-core-columns-layout-3 wp-block-columns-is-layout-flex\">\n<div class=\"wp-block-column is-layout-flow wp-block-column-is-layout-flow\">\n<p><a href=\"https:\/\/esbocage.com\" target=\"_blank\" rel=\"noreferrer noopener\">Escola Secund\u00e1ria Du Bocage (Set\u00fabal<\/a><a href=\"https:\/\/esbocage.com\">)<\/a><\/p>\n<\/div>\n\n\n\n<div class=\"wp-block-column is-layout-flow wp-block-column-is-layout-flow\">\n<p>Palestras<br>Workshops<br><a href=\"https:\/\/laboratoriodehistoria.pt\/index.php\/programa-de-iniciacao-a-investigacao-historica\/\" target=\"_blank\" rel=\"noreferrer noopener\">Programa de Inicia\u00e7\u00e3o \u00e0 Investiga\u00e7\u00e3o Hist\u00f3rica<\/a><\/p>\n\n\n\n<figure class=\"wp-block-image size-large\"><img loading=\"lazy\" decoding=\"async\" width=\"2048\" height=\"1280\" data-attachment-id=\"1713\" data-permalink=\"https:\/\/laboratoriodehistoria.pt\/bocage-parceria-2\/\" data-orig-file=\"https:\/\/i0.wp.com\/laboratoriodehistoria.pt\/wp-content\/uploads\/2024\/03\/Bocage-parceria-edited.jpeg?fit=2048%2C1280&amp;ssl=1\" data-orig-size=\"2048,1280\" data-comments-opened=\"1\" data-image-meta=\"{&quot;aperture&quot;:&quot;0&quot;,&quot;credit&quot;:&quot;&quot;,&quot;camera&quot;:&quot;&quot;,&quot;caption&quot;:&quot;&quot;,&quot;created_timestamp&quot;:&quot;0&quot;,&quot;copyright&quot;:&quot;&quot;,&quot;focal_length&quot;:&quot;0&quot;,&quot;iso&quot;:&quot;0&quot;,&quot;shutter_speed&quot;:&quot;0&quot;,&quot;title&quot;:&quot;&quot;,&quot;orientation&quot;:&quot;0&quot;}\" data-image-title=\"Bocage-parceria\" data-image-description=\"\" data-image-caption=\"\" data-medium-file=\"https:\/\/i0.wp.com\/laboratoriodehistoria.pt\/wp-content\/uploads\/2024\/03\/Bocage-parceria-edited.jpeg?fit=300%2C188&amp;ssl=1\" data-large-file=\"https:\/\/i0.wp.com\/laboratoriodehistoria.pt\/wp-content\/uploads\/2024\/03\/Bocage-parceria-edited.jpeg?fit=1024%2C640&amp;ssl=1\" tabindex=\"0\" role=\"button\" src=\"https:\/\/i0.wp.com\/laboratoriodehistoria.pt\/wp-content\/uploads\/2024\/03\/Bocage-parceria-edited.jpeg?resize=2048%2C1280&#038;ssl=1\" alt=\"\" class=\"wp-image-1713\" srcset=\"https:\/\/i0.wp.com\/laboratoriodehistoria.pt\/wp-content\/uploads\/2024\/03\/Bocage-parceria-edited.jpeg?w=2048&amp;ssl=1 2048w, https:\/\/i0.wp.com\/laboratoriodehistoria.pt\/wp-content\/uploads\/2024\/03\/Bocage-parceria-edited.jpeg?resize=300%2C188&amp;ssl=1 300w, https:\/\/i0.wp.com\/laboratoriodehistoria.pt\/wp-content\/uploads\/2024\/03\/Bocage-parceria-edited.jpeg?resize=1024%2C640&amp;ssl=1 1024w, https:\/\/i0.wp.com\/laboratoriodehistoria.pt\/wp-content\/uploads\/2024\/03\/Bocage-parceria-edited.jpeg?resize=768%2C480&amp;ssl=1 768w, https:\/\/i0.wp.com\/laboratoriodehistoria.pt\/wp-content\/uploads\/2024\/03\/Bocage-parceria-edited.jpeg?resize=1536%2C960&amp;ssl=1 1536w\" sizes=\"(max-width: 1000px) 100vw, 1000px\" data-recalc-dims=\"1\" \/><figcaption class=\"wp-element-caption\"><em>workshop<\/em> Detectives em Hist\u00f3ria, Mar\u00e7o de 2023<\/figcaption><\/figure>\n<\/div>\n<\/div>\n\n\n\n<div class=\"wp-block-columns alignwide is-layout-flex wp-container-core-columns-layout-4 wp-block-columns-is-layout-flex\">\n<div class=\"wp-block-column is-layout-flow wp-block-column-is-layout-flow\">\n<p><a href=\"https:\/\/www.marquesa-alorna-lisboa.pt\/eb-marquesa-de-alorna\">Escola B\u00e1sica Marquesa de Alorna (<\/a><a href=\"https:\/\/www.marquesa-alorna-lisboa.pt\/eb-marquesa-de-alorna\" target=\"_blank\" rel=\"noreferrer noopener\">Lisboa<\/a><a href=\"https:\/\/www.marquesa-alorna-lisboa.pt\/eb-marquesa-de-alorna\">)<\/a><\/p>\n<\/div>\n\n\n\n<div class=\"wp-block-column is-layout-flow wp-block-column-is-layout-flow\">\n<p><a href=\"https:\/\/laboratoriodehistoria.pt\/index.php\/palestras\/\">Palestras<\/a><br><a href=\"https:\/\/laboratoriodehistoria.pt\/index.php\/visitas\/\">Visitas<\/a><\/p>\n\n\n\n<figure class=\"wp-block-image size-large\"><img loading=\"lazy\" decoding=\"async\" width=\"1024\" height=\"768\" data-attachment-id=\"1718\" data-permalink=\"https:\/\/laboratoriodehistoria.pt\/index.php\/parcerias\/marquesa-de-alorna-parceria\/\" data-orig-file=\"https:\/\/i0.wp.com\/laboratoriodehistoria.pt\/wp-content\/uploads\/2024\/03\/Marquesa-de-Alorna-Parceria.jpg?fit=1600%2C1200&amp;ssl=1\" data-orig-size=\"1600,1200\" data-comments-opened=\"1\" data-image-meta=\"{&quot;aperture&quot;:&quot;0&quot;,&quot;credit&quot;:&quot;&quot;,&quot;camera&quot;:&quot;&quot;,&quot;caption&quot;:&quot;&quot;,&quot;created_timestamp&quot;:&quot;0&quot;,&quot;copyright&quot;:&quot;&quot;,&quot;focal_length&quot;:&quot;0&quot;,&quot;iso&quot;:&quot;0&quot;,&quot;shutter_speed&quot;:&quot;0&quot;,&quot;title&quot;:&quot;&quot;,&quot;orientation&quot;:&quot;0&quot;}\" data-image-title=\"Marquesa-de-Alorna-Parceria\" data-image-description=\"\" data-image-caption=\"\" data-medium-file=\"https:\/\/i0.wp.com\/laboratoriodehistoria.pt\/wp-content\/uploads\/2024\/03\/Marquesa-de-Alorna-Parceria.jpg?fit=300%2C225&amp;ssl=1\" data-large-file=\"https:\/\/i0.wp.com\/laboratoriodehistoria.pt\/wp-content\/uploads\/2024\/03\/Marquesa-de-Alorna-Parceria.jpg?fit=1024%2C768&amp;ssl=1\" tabindex=\"0\" role=\"button\" src=\"https:\/\/i0.wp.com\/laboratoriodehistoria.pt\/wp-content\/uploads\/2024\/03\/Marquesa-de-Alorna-Parceria.jpg?resize=1024%2C768&#038;ssl=1\" alt=\"\" class=\"wp-image-1718\" srcset=\"https:\/\/i0.wp.com\/laboratoriodehistoria.pt\/wp-content\/uploads\/2024\/03\/Marquesa-de-Alorna-Parceria.jpg?resize=1024%2C768&amp;ssl=1 1024w, https:\/\/i0.wp.com\/laboratoriodehistoria.pt\/wp-content\/uploads\/2024\/03\/Marquesa-de-Alorna-Parceria.jpg?resize=300%2C225&amp;ssl=1 300w, https:\/\/i0.wp.com\/laboratoriodehistoria.pt\/wp-content\/uploads\/2024\/03\/Marquesa-de-Alorna-Parceria.jpg?resize=768%2C576&amp;ssl=1 768w, https:\/\/i0.wp.com\/laboratoriodehistoria.pt\/wp-content\/uploads\/2024\/03\/Marquesa-de-Alorna-Parceria.jpg?resize=1536%2C1152&amp;ssl=1 1536w, https:\/\/i0.wp.com\/laboratoriodehistoria.pt\/wp-content\/uploads\/2024\/03\/Marquesa-de-Alorna-Parceria.jpg?w=1600&amp;ssl=1 1600w\" sizes=\"(max-width: 1000px) 100vw, 1000px\" data-recalc-dims=\"1\" \/><figcaption class=\"wp-element-caption\">#semanadaleitura, Mar\u00e7o 2023<\/figcaption><\/figure>\n<\/div>\n<\/div>\n\n\n\n<div class=\"wp-block-columns alignwide is-layout-flex wp-container-core-columns-layout-5 wp-block-columns-is-layout-flex\">\n<div class=\"wp-block-column is-vertically-aligned-top is-layout-flow wp-block-column-is-layout-flow\">\n<p class=\"has-text-align-left\"><a href=\"https:\/\/www.ibn-mucana.pt\/index.php\/o-agrupamento\/ebs-helena-cidade-moura\">Escola B\u00e1sica e Secund\u00e1ria Helena Cidade Moura, <br>Agrupamento de Escolas Ibn Mucana (Alcabideche)<\/a><\/p>\n<\/div>\n\n\n\n<div class=\"wp-block-column is-layout-flow wp-block-column-is-layout-flow\">\n<p><a href=\"https:\/\/laboratoriodehistoria.pt\/index.php\/programa-de-iniciacao-a-investigacao-historica\/\" target=\"_blank\" rel=\"noreferrer noopener\">Programa de Inicia\u00e7\u00e3o \u00e0 Investiga\u00e7\u00e3o Hist\u00f3rica<\/a><\/p>\n\n\n\n<figure class=\"wp-block-image size-large is-resized\"><img loading=\"lazy\" decoding=\"async\" width=\"1024\" height=\"768\" data-attachment-id=\"1787\" data-permalink=\"https:\/\/laboratoriodehistoria.pt\/index.php\/parcerias\/12-ano-ibn-mucana2\/\" data-orig-file=\"https:\/\/i0.wp.com\/laboratoriodehistoria.pt\/wp-content\/uploads\/2024\/07\/12-ano-Ibn-Mucana2.jpg?fit=2048%2C1536&amp;ssl=1\" data-orig-size=\"2048,1536\" data-comments-opened=\"1\" data-image-meta=\"{&quot;aperture&quot;:&quot;0&quot;,&quot;credit&quot;:&quot;&quot;,&quot;camera&quot;:&quot;&quot;,&quot;caption&quot;:&quot;&quot;,&quot;created_timestamp&quot;:&quot;0&quot;,&quot;copyright&quot;:&quot;&quot;,&quot;focal_length&quot;:&quot;0&quot;,&quot;iso&quot;:&quot;0&quot;,&quot;shutter_speed&quot;:&quot;0&quot;,&quot;title&quot;:&quot;&quot;,&quot;orientation&quot;:&quot;0&quot;}\" data-image-title=\"12-ano-Ibn-Mucana2\" data-image-description=\"\" data-image-caption=\"\" data-medium-file=\"https:\/\/i0.wp.com\/laboratoriodehistoria.pt\/wp-content\/uploads\/2024\/07\/12-ano-Ibn-Mucana2.jpg?fit=300%2C225&amp;ssl=1\" data-large-file=\"https:\/\/i0.wp.com\/laboratoriodehistoria.pt\/wp-content\/uploads\/2024\/07\/12-ano-Ibn-Mucana2.jpg?fit=1024%2C768&amp;ssl=1\" tabindex=\"0\" role=\"button\" src=\"https:\/\/i0.wp.com\/laboratoriodehistoria.pt\/wp-content\/uploads\/2024\/07\/12-ano-Ibn-Mucana2.jpg?resize=1024%2C768&#038;ssl=1\" alt=\"\" class=\"wp-image-1787\" style=\"width:609px;height:auto\" srcset=\"https:\/\/i0.wp.com\/laboratoriodehistoria.pt\/wp-content\/uploads\/2024\/07\/12-ano-Ibn-Mucana2.jpg?resize=1024%2C768&amp;ssl=1 1024w, https:\/\/i0.wp.com\/laboratoriodehistoria.pt\/wp-content\/uploads\/2024\/07\/12-ano-Ibn-Mucana2.jpg?resize=300%2C225&amp;ssl=1 300w, https:\/\/i0.wp.com\/laboratoriodehistoria.pt\/wp-content\/uploads\/2024\/07\/12-ano-Ibn-Mucana2.jpg?resize=768%2C576&amp;ssl=1 768w, https:\/\/i0.wp.com\/laboratoriodehistoria.pt\/wp-content\/uploads\/2024\/07\/12-ano-Ibn-Mucana2.jpg?resize=1536%2C1152&amp;ssl=1 1536w, https:\/\/i0.wp.com\/laboratoriodehistoria.pt\/wp-content\/uploads\/2024\/07\/12-ano-Ibn-Mucana2.jpg?w=2048&amp;ssl=1 2048w\" sizes=\"(max-width: 1000px) 100vw, 1000px\" data-recalc-dims=\"1\" \/><figcaption class=\"wp-element-caption\">apresenta\u00e7\u00e3o do programa de inicia\u00e7\u00e3o \u00e0 investiga\u00e7\u00e3o hist\u00f3rica, Junho 2024<\/figcaption><\/figure>\n<\/div>\n<\/div>\n\n\n\n<div class=\"wp-block-columns is-layout-flex wp-container-core-columns-layout-6 wp-block-columns-is-layout-flex\"><\/div>\n","protected":false},"excerpt":{"rendered":"<p>Escola Secund\u00e1ria de Cam\u00f5es (Lisboa) PalestrasVisitasCaf\u00e9 Europa &nbsp;Escola Secund\u00e1ria Pedro Nunes (Lisboa) PalestrasClube EuropeuSemana da Leitura Escola Secund\u00e1ria Du Bocage (Set\u00fabal) PalestrasWorkshopsPrograma de Inicia\u00e7\u00e3o \u00e0 Investiga\u00e7\u00e3o Hist\u00f3rica Escola B\u00e1sica Marquesa de Alorna (Lisboa) PalestrasVisitas Escola B\u00e1sica e Secund\u00e1ria Helena Cidade Moura, Agrupamento de Escolas Ibn Mucana (Alcabideche) Programa de Inicia\u00e7\u00e3o \u00e0 Investiga\u00e7\u00e3o Hist\u00f3rica<\/p>\n","protected":false},"author":4,"featured_media":0,"parent":0,"menu_order":0,"comment_status":"closed","ping_status":"closed","template":"","meta":{"footnotes":""},"yoast_head":"<!-- This site is optimized with the Yoast SEO plugin v23.5 - https:\/\/yoast.com\/wordpress\/plugins\/seo\/ -->\n<title>Parcerias - Laborat\u00f3rio de Hist\u00f3ria, Territ\u00f3rios e Comunidades<\/title>\n<meta name=\"robots\" content=\"index, follow, max-snippet:-1, max-image-preview:large, max-video-preview:-1\" \/>\n<link rel=\"canonical\" href=\"https:\/\/laboratoriodehistoria.pt\/index.php\/parcerias\/\" \/>\n<meta property=\"og:locale\" content=\"pt_PT\" \/>\n<meta property=\"og:type\" content=\"article\" \/>\n<meta property=\"og:title\" content=\"Parcerias - Laborat\u00f3rio de Hist\u00f3ria, Territ\u00f3rios e Comunidades\" \/>\n<meta property=\"og:description\" content=\"Escola Secund\u00e1ria de Cam\u00f5es (Lisboa) PalestrasVisitasCaf\u00e9 Europa &nbsp;Escola Secund\u00e1ria Pedro Nunes (Lisboa) PalestrasClube EuropeuSemana da Leitura Escola Secund\u00e1ria Du Bocage (Set\u00fabal) PalestrasWorkshopsPrograma de Inicia\u00e7\u00e3o \u00e0 Investiga\u00e7\u00e3o Hist\u00f3rica Escola B\u00e1sica Marquesa de Alorna (Lisboa) PalestrasVisitas Escola B\u00e1sica e Secund\u00e1ria Helena Cidade Moura, Agrupamento de Escolas Ibn Mucana (Alcabideche) Programa de Inicia\u00e7\u00e3o \u00e0 Investiga\u00e7\u00e3o Hist\u00f3rica\" \/>\n<meta property=\"og:url\" content=\"https:\/\/laboratoriodehistoria.pt\/index.php\/parcerias\/\" \/>\n<meta property=\"og:site_name\" content=\"Laborat\u00f3rio de Hist\u00f3ria, Territ\u00f3rios e Comunidades\" \/>\n<meta property=\"article:modified_time\" content=\"2024-07-31T10:45:01+00:00\" \/>\n<meta property=\"og:image\" content=\"https:\/\/laboratoriodehistoria.pt\/wp-content\/uploads\/2024\/03\/Camoes-Parceria-1-edited.jpg\" \/>\n<meta name=\"twitter:card\" content=\"summary_large_image\" \/>\n<meta name=\"twitter:label1\" content=\"Tempo estimado de leitura\" \/>\n\t<meta name=\"twitter:data1\" content=\"2 minutos\" \/>\n<script type=\"application\/ld+json\" class=\"yoast-schema-graph\">{\"@context\":\"https:\/\/schema.org\",\"@graph\":[{\"@type\":\"WebPage\",\"@id\":\"https:\/\/laboratoriodehistoria.pt\/index.php\/parcerias\/\",\"url\":\"https:\/\/laboratoriodehistoria.pt\/index.php\/parcerias\/\",\"name\":\"Parcerias - Laborat\u00f3rio de Hist\u00f3ria, Territ\u00f3rios e Comunidades\",\"isPartOf\":{\"@id\":\"https:\/\/laboratoriodehistoria.pt\/#website\"},\"primaryImageOfPage\":{\"@id\":\"https:\/\/laboratoriodehistoria.pt\/index.php\/parcerias\/#primaryimage\"},\"image\":{\"@id\":\"https:\/\/laboratoriodehistoria.pt\/index.php\/parcerias\/#primaryimage\"},\"thumbnailUrl\":\"https:\/\/laboratoriodehistoria.pt\/wp-content\/uploads\/2024\/03\/Camoes-Parceria-1-edited.jpg\",\"datePublished\":\"2024-03-01T17:19:46+00:00\",\"dateModified\":\"2024-07-31T10:45:01+00:00\",\"breadcrumb\":{\"@id\":\"https:\/\/laboratoriodehistoria.pt\/index.php\/parcerias\/#breadcrumb\"},\"inLanguage\":\"pt-PT\",\"potentialAction\":[{\"@type\":\"ReadAction\",\"target\":[\"https:\/\/laboratoriodehistoria.pt\/index.php\/parcerias\/\"]}]},{\"@type\":\"ImageObject\",\"inLanguage\":\"pt-PT\",\"@id\":\"https:\/\/laboratoriodehistoria.pt\/index.php\/parcerias\/#primaryimage\",\"url\":\"https:\/\/i0.wp.com\/laboratoriodehistoria.pt\/wp-content\/uploads\/2024\/03\/Camoes-Parceria-1-edited.jpg?fit=1536%2C960&ssl=1\",\"contentUrl\":\"https:\/\/i0.wp.com\/laboratoriodehistoria.pt\/wp-content\/uploads\/2024\/03\/Camoes-Parceria-1-edited.jpg?fit=1536%2C960&ssl=1\",\"width\":1536,\"height\":960},{\"@type\":\"BreadcrumbList\",\"@id\":\"https:\/\/laboratoriodehistoria.pt\/index.php\/parcerias\/#breadcrumb\",\"itemListElement\":[{\"@type\":\"ListItem\",\"position\":1,\"name\":\"Home\",\"item\":\"https:\/\/laboratoriodehistoria.pt\/\"},{\"@type\":\"ListItem\",\"position\":2,\"name\":\"Parcerias\"}]},{\"@type\":\"WebSite\",\"@id\":\"https:\/\/laboratoriodehistoria.pt\/#website\",\"url\":\"https:\/\/laboratoriodehistoria.pt\/\",\"name\":\"Laborat\u00f3rio de Hist\u00f3ria, Territ\u00f3rios e Comunidades\",\"description\":\"\",\"potentialAction\":[{\"@type\":\"SearchAction\",\"target\":{\"@type\":\"EntryPoint\",\"urlTemplate\":\"https:\/\/laboratoriodehistoria.pt\/?s={search_term_string}\"},\"query-input\":{\"@type\":\"PropertyValueSpecification\",\"valueRequired\":true,\"valueName\":\"search_term_string\"}}],\"inLanguage\":\"pt-PT\"}]}<\/script>\n<!-- \/ Yoast SEO plugin. -->","yoast_head_json":{"title":"Parcerias - Laborat\u00f3rio de Hist\u00f3ria, Territ\u00f3rios e Comunidades","robots":{"index":"index","follow":"follow","max-snippet":"max-snippet:-1","max-image-preview":"max-image-preview:large","max-video-preview":"max-video-preview:-1"},"canonical":"https:\/\/laboratoriodehistoria.pt\/index.php\/parcerias\/","og_locale":"pt_PT","og_type":"article","og_title":"Parcerias - Laborat\u00f3rio de Hist\u00f3ria, Territ\u00f3rios e Comunidades","og_description":"Escola Secund\u00e1ria de Cam\u00f5es (Lisboa) PalestrasVisitasCaf\u00e9 Europa &nbsp;Escola Secund\u00e1ria Pedro Nunes (Lisboa) PalestrasClube EuropeuSemana da Leitura Escola Secund\u00e1ria Du Bocage (Set\u00fabal) PalestrasWorkshopsPrograma de Inicia\u00e7\u00e3o \u00e0 Investiga\u00e7\u00e3o Hist\u00f3rica Escola B\u00e1sica Marquesa de Alorna (Lisboa) PalestrasVisitas Escola B\u00e1sica e Secund\u00e1ria Helena Cidade Moura, Agrupamento de Escolas Ibn Mucana (Alcabideche) Programa de Inicia\u00e7\u00e3o \u00e0 Investiga\u00e7\u00e3o Hist\u00f3rica","og_url":"https:\/\/laboratoriodehistoria.pt\/index.php\/parcerias\/","og_site_name":"Laborat\u00f3rio de Hist\u00f3ria, Territ\u00f3rios e Comunidades","article_modified_time":"2024-07-31T10:45:01+00:00","og_image":[{"url":"https:\/\/laboratoriodehistoria.pt\/wp-content\/uploads\/2024\/03\/Camoes-Parceria-1-edited.jpg"}],"twitter_card":"summary_large_image","twitter_misc":{"Tempo estimado de leitura":"2 minutos"},"schema":{"@context":"https:\/\/schema.org","@graph":[{"@type":"WebPage","@id":"https:\/\/laboratoriodehistoria.pt\/index.php\/parcerias\/","url":"https:\/\/laboratoriodehistoria.pt\/index.php\/parcerias\/","name":"Parcerias - Laborat\u00f3rio de Hist\u00f3ria, Territ\u00f3rios e Comunidades","isPartOf":{"@id":"https:\/\/laboratoriodehistoria.pt\/#website"},"primaryImageOfPage":{"@id":"https:\/\/laboratoriodehistoria.pt\/index.php\/parcerias\/#primaryimage"},"image":{"@id":"https:\/\/laboratoriodehistoria.pt\/index.php\/parcerias\/#primaryimage"},"thumbnailUrl":"https:\/\/laboratoriodehistoria.pt\/wp-content\/uploads\/2024\/03\/Camoes-Parceria-1-edited.jpg","datePublished":"2024-03-01T17:19:46+00:00","dateModified":"2024-07-31T10:45:01+00:00","breadcrumb":{"@id":"https:\/\/laboratoriodehistoria.pt\/index.php\/parcerias\/#breadcrumb"},"inLanguage":"pt-PT","potentialAction":[{"@type":"ReadAction","target":["https:\/\/laboratoriodehistoria.pt\/index.php\/parcerias\/"]}]},{"@type":"ImageObject","inLanguage":"pt-PT","@id":"https:\/\/laboratoriodehistoria.pt\/index.php\/parcerias\/#primaryimage","url":"https:\/\/i0.wp.com\/laboratoriodehistoria.pt\/wp-content\/uploads\/2024\/03\/Camoes-Parceria-1-edited.jpg?fit=1536%2C960&ssl=1","contentUrl":"https:\/\/i0.wp.com\/laboratoriodehistoria.pt\/wp-content\/uploads\/2024\/03\/Camoes-Parceria-1-edited.jpg?fit=1536%2C960&ssl=1","width":1536,"height":960},{"@type":"BreadcrumbList","@id":"https:\/\/laboratoriodehistoria.pt\/index.php\/parcerias\/#breadcrumb","itemListElement":[{"@type":"ListItem","position":1,"name":"Home","item":"https:\/\/laboratoriodehistoria.pt\/"},{"@type":"ListItem","position":2,"name":"Parcerias"}]},{"@type":"WebSite","@id":"https:\/\/laboratoriodehistoria.pt\/#website","url":"https:\/\/laboratoriodehistoria.pt\/","name":"Laborat\u00f3rio de Hist\u00f3ria, Territ\u00f3rios e Comunidades","description":"","potentialAction":[{"@type":"SearchAction","target":{"@type":"EntryPoint","urlTemplate":"https:\/\/laboratoriodehistoria.pt\/?s={search_term_string}"},"query-input":{"@type":"PropertyValueSpecification","valueRequired":true,"valueName":"search_term_string"}}],"inLanguage":"pt-PT"}]}},"jetpack_sharing_enabled":true,"_links":{"self":[{"href":"https:\/\/laboratoriodehistoria.pt\/index.php\/wp-json\/wp\/v2\/pages\/1686"}],"collection":[{"href":"https:\/\/laboratoriodehistoria.pt\/index.php\/wp-json\/wp\/v2\/pages"}],"about":[{"href":"https:\/\/laboratoriodehistoria.pt\/index.php\/wp-json\/wp\/v2\/types\/page"}],"author":[{"embeddable":true,"href":"https:\/\/laboratoriodehistoria.pt\/index.php\/wp-json\/wp\/v2\/users\/4"}],"replies":[{"embeddable":true,"href":"https:\/\/laboratoriodehistoria.pt\/index.php\/wp-json\/wp\/v2\/comments?post=1686"}],"version-history":[{"count":11,"href":"https:\/\/laboratoriodehistoria.pt\/index.php\/wp-json\/wp\/v2\/pages\/1686\/revisions"}],"predecessor-version":[{"id":1791,"href":"https:\/\/laboratoriodehistoria.pt\/index.php\/wp-json\/wp\/v2\/pages\/1686\/revisions\/1791"}],"wp:attachment":[{"href":"https:\/\/laboratoriodehistoria.pt\/index.php\/wp-json\/wp\/v2\/media?parent=1686"}],"curies":[{"name":"wp","href":"https:\/\/api.w.org\/{rel}","templated":true}]}}