{"id":1808,"date":"2024-07-31T11:27:14","date_gmt":"2024-07-31T11:27:14","guid":{"rendered":"https:\/\/laboratoriodehistoria.pt\/?page_id=1808"},"modified":"2024-07-31T11:28:41","modified_gmt":"2024-07-31T11:28:41","slug":"debates","status":"publish","type":"page","link":"https:\/\/laboratoriodehistoria.pt\/index.php\/debates\/","title":{"rendered":"Debates"},"content":{"rendered":"\n<p><strong><em>Nome Mulher<\/em>: as mulheres portuguesas no s\u00e9culo XX\u00a0<\/strong><br>\u201c<em>Nome Mulher<\/em>: as mulheres portuguesas no s\u00e9culo XX\u201d \u00e9 uma iniciativa da Rede Resist\u00eancia no Feminino e do Laborat\u00f3rio de Hist\u00f3ria, Territ\u00f3rios e Comunidades. A Rede Resist\u00eancia no Feminino procura debater e refletir acerca das diferentes formas de resist\u00eancia protagonizadas e desenvolvidas pelas mulheres ao longo da hist\u00f3ria.\u00a0<br>As mulheres t\u00eam detido uma import\u00e2ncia decisiva no processo de afirma\u00e7\u00e3o da democracia e de luta pela igualdade pol\u00edtica e social na hist\u00f3ria contempor\u00e2nea de Portugal, protagonizando e desenvolvendo v\u00e1rios tipos de resist\u00eancia. Nos campos e nas f\u00e1bricas, nas universidades e nas escolas, nas artes e nos c\u00edrculos intelectuais, na clandestinidade e nas pris\u00f5es, em todas as dimens\u00f5es do quotidiano, estas mulheres, de diferentes origens e percursos de vida e com sensibilidades pol\u00edticas e graus de envolvimento distintos, foram essenciais na luta pela democracia e pela igualdade.\u00a0<br>A presente iniciativa parte da visualiza\u00e7\u00e3o de um epis\u00f3dio \u00e0 escolha do programa \u201cNome fonte hist\u00f3rica, procuramos incentivar o debate fundamentado em coment\u00e1rios e quest\u00f5es sobre o epis\u00f3dio escolhido.<br>As sess\u00f5es abarcaram diversas tem\u00e1ticas em torno das mulheres, das suas lutas e reivindica\u00e7\u00f5es: a luta contra o fascismo e o Estado Novo; o trabalho e as lutas no p\u00f3s 25 de abril; e ainda os direitos conquistados com a democracia, como o voto, a sa\u00fade reprodutiva (planeamento familiar, aborto) e o div\u00f3rcio.<br>Com esta atividade os alunos dever\u00e3o conseguir:<br>\u2022refletir criticamente acerca de tem\u00e1ticas em torno da \u201ccondi\u00e7\u00e3o da mulher\u201d e dos percursos de luta das mulheres;<br>\u2022reconhecer o papel das mulheres enquanto sujeito hist\u00f3ricos ativos e intervenientes no devir hist\u00f3rico;<br>\u2022 identificar as mudan\u00e7as sociais operadas entre o per\u00edodo do Estado Novo e a instaura\u00e7\u00e3o da Democracia;<br>\u2022 reconhecer a import\u00e2ncia da a\u00e7\u00e3o individual ou coletiva de indiv\u00edduos ou grupos no decorrer hist\u00f3rico;<br>\u2022 analisar e refletir sobre fontes hist\u00f3ricas diversas utilizadas para o estudo do passado;<br>\u2022 compreender a import\u00e2ncia do estudo da hist\u00f3ria para a problematiza\u00e7\u00e3o das liga\u00e7\u00f5es entre passado e presente e a necessidade de interven\u00e7\u00e3o cr\u00edtica em v\u00e1rios contextos.<br>Com o visionamento do epis\u00f3dio e com a sele\u00e7\u00e3o dos trechos mais relevantes de acordo com as necessidades de aprendizagem de cada turma, pretende-se que os alunos juntamente com o\/a professor\/a formulem entre dois a tr\u00eas coment\u00e1rios e\/ou quest\u00f5es sobre o conte\u00fado do epis\u00f3dio, estimulando uma conversa com as oradoras. As quest\u00f5es\/coment\u00e1rios devem basear- se e seguir as seguintes linhas orientadoras: numa primeira fase, deve ser elaborada uma an\u00e1lise direcionada para a identifica\u00e7\u00e3o do sujeito hist\u00f3rico e das causas que levaram ao acontecimento, assim como para a contextualiza\u00e7\u00e3o deste no espa\u00e7o e no tempo. Procura-se ainda que os alunos identifiquem as mudan\u00e7as provocadas com o advento da Democracia, assim como reconhe\u00e7am o seu impacto na sociedade portuguesa atual, problematizando as rela\u00e7\u00f5es entre o passado e o presente.<\/p>\n\n\n\n<p><a href=\"https:\/\/laboratoriodehistoria.pt\/wp-content\/uploads\/2024\/07\/Nome-Mulher_-as-mulheres-portuguesas-no-seculo-XX-final.pdf\"><strong>Folheto<\/strong><\/a><\/p>\n\n\n\n<div class=\"wp-block-buttons is-layout-flex wp-block-buttons-is-layout-flex\">\n<div class=\"wp-block-button\"><a class=\"wp-block-button__link wp-element-button\" href=\"https:\/\/laboratoriodehistoria.pt\/index.php\/o-ihc\/nome-mulher-as-mulheres-portuguesas-no-seculo-xx\/\">Recursos<\/a><\/div>\n<\/div>\n\n\n\n<p><\/p>\n","protected":false},"excerpt":{"rendered":"<p>Nome Mulher: as mulheres portuguesas no s\u00e9culo XX\u00a0\u201cNome Mulher: as mulheres portuguesas no s\u00e9culo XX\u201d \u00e9 uma iniciativa da Rede Resist\u00eancia no Feminino e do Laborat\u00f3rio de Hist\u00f3ria, Territ\u00f3rios e Comunidades. A Rede Resist\u00eancia no Feminino procura debater e refletir acerca das diferentes formas de resist\u00eancia protagonizadas e desenvolvidas pelas mulheres ao longo da hist\u00f3ria.\u00a0As [&hellip;]<\/p>\n","protected":false},"author":4,"featured_media":0,"parent":0,"menu_order":0,"comment_status":"closed","ping_status":"closed","template":"","meta":{"footnotes":""},"yoast_head":"<!-- This site is optimized with the Yoast SEO plugin v23.5 - https:\/\/yoast.com\/wordpress\/plugins\/seo\/ -->\n<title>Debates - Laborat\u00f3rio de Hist\u00f3ria, Territ\u00f3rios e Comunidades<\/title>\n<meta name=\"robots\" content=\"index, follow, max-snippet:-1, max-image-preview:large, max-video-preview:-1\" \/>\n<link rel=\"canonical\" href=\"https:\/\/laboratoriodehistoria.pt\/index.php\/debates\/\" \/>\n<meta property=\"og:locale\" content=\"pt_PT\" \/>\n<meta property=\"og:type\" content=\"article\" \/>\n<meta property=\"og:title\" content=\"Debates - Laborat\u00f3rio de Hist\u00f3ria, Territ\u00f3rios e Comunidades\" \/>\n<meta property=\"og:description\" content=\"Nome Mulher: as mulheres portuguesas no s\u00e9culo XX\u00a0\u201cNome Mulher: as mulheres portuguesas no s\u00e9culo XX\u201d \u00e9 uma iniciativa da Rede Resist\u00eancia no Feminino e do Laborat\u00f3rio de Hist\u00f3ria, Territ\u00f3rios e Comunidades. A Rede Resist\u00eancia no Feminino procura debater e refletir acerca das diferentes formas de resist\u00eancia protagonizadas e desenvolvidas pelas mulheres ao longo da hist\u00f3ria.\u00a0As [&hellip;]\" \/>\n<meta property=\"og:url\" content=\"https:\/\/laboratoriodehistoria.pt\/index.php\/debates\/\" \/>\n<meta property=\"og:site_name\" content=\"Laborat\u00f3rio de Hist\u00f3ria, Territ\u00f3rios e Comunidades\" \/>\n<meta property=\"article:modified_time\" content=\"2024-07-31T11:28:41+00:00\" \/>\n<meta name=\"twitter:card\" content=\"summary_large_image\" \/>\n<meta name=\"twitter:label1\" content=\"Tempo estimado de leitura\" \/>\n\t<meta name=\"twitter:data1\" content=\"3 minutos\" \/>\n<script type=\"application\/ld+json\" class=\"yoast-schema-graph\">{\"@context\":\"https:\/\/schema.org\",\"@graph\":[{\"@type\":\"WebPage\",\"@id\":\"https:\/\/laboratoriodehistoria.pt\/index.php\/debates\/\",\"url\":\"https:\/\/laboratoriodehistoria.pt\/index.php\/debates\/\",\"name\":\"Debates - Laborat\u00f3rio de Hist\u00f3ria, Territ\u00f3rios e Comunidades\",\"isPartOf\":{\"@id\":\"https:\/\/laboratoriodehistoria.pt\/#website\"},\"datePublished\":\"2024-07-31T11:27:14+00:00\",\"dateModified\":\"2024-07-31T11:28:41+00:00\",\"breadcrumb\":{\"@id\":\"https:\/\/laboratoriodehistoria.pt\/index.php\/debates\/#breadcrumb\"},\"inLanguage\":\"pt-PT\",\"potentialAction\":[{\"@type\":\"ReadAction\",\"target\":[\"https:\/\/laboratoriodehistoria.pt\/index.php\/debates\/\"]}]},{\"@type\":\"BreadcrumbList\",\"@id\":\"https:\/\/laboratoriodehistoria.pt\/index.php\/debates\/#breadcrumb\",\"itemListElement\":[{\"@type\":\"ListItem\",\"position\":1,\"name\":\"Home\",\"item\":\"https:\/\/laboratoriodehistoria.pt\/\"},{\"@type\":\"ListItem\",\"position\":2,\"name\":\"Debates\"}]},{\"@type\":\"WebSite\",\"@id\":\"https:\/\/laboratoriodehistoria.pt\/#website\",\"url\":\"https:\/\/laboratoriodehistoria.pt\/\",\"name\":\"Laborat\u00f3rio de Hist\u00f3ria, Territ\u00f3rios e Comunidades\",\"description\":\"\",\"potentialAction\":[{\"@type\":\"SearchAction\",\"target\":{\"@type\":\"EntryPoint\",\"urlTemplate\":\"https:\/\/laboratoriodehistoria.pt\/?s={search_term_string}\"},\"query-input\":{\"@type\":\"PropertyValueSpecification\",\"valueRequired\":true,\"valueName\":\"search_term_string\"}}],\"inLanguage\":\"pt-PT\"}]}<\/script>\n<!-- \/ Yoast SEO plugin. -->","yoast_head_json":{"title":"Debates - Laborat\u00f3rio de Hist\u00f3ria, Territ\u00f3rios e Comunidades","robots":{"index":"index","follow":"follow","max-snippet":"max-snippet:-1","max-image-preview":"max-image-preview:large","max-video-preview":"max-video-preview:-1"},"canonical":"https:\/\/laboratoriodehistoria.pt\/index.php\/debates\/","og_locale":"pt_PT","og_type":"article","og_title":"Debates - Laborat\u00f3rio de Hist\u00f3ria, Territ\u00f3rios e Comunidades","og_description":"Nome Mulher: as mulheres portuguesas no s\u00e9culo XX\u00a0\u201cNome Mulher: as mulheres portuguesas no s\u00e9culo XX\u201d \u00e9 uma iniciativa da Rede Resist\u00eancia no Feminino e do Laborat\u00f3rio de Hist\u00f3ria, Territ\u00f3rios e Comunidades. A Rede Resist\u00eancia no Feminino procura debater e refletir acerca das diferentes formas de resist\u00eancia protagonizadas e desenvolvidas pelas mulheres ao longo da hist\u00f3ria.\u00a0As [&hellip;]","og_url":"https:\/\/laboratoriodehistoria.pt\/index.php\/debates\/","og_site_name":"Laborat\u00f3rio de Hist\u00f3ria, Territ\u00f3rios e Comunidades","article_modified_time":"2024-07-31T11:28:41+00:00","twitter_card":"summary_large_image","twitter_misc":{"Tempo estimado de leitura":"3 minutos"},"schema":{"@context":"https:\/\/schema.org","@graph":[{"@type":"WebPage","@id":"https:\/\/laboratoriodehistoria.pt\/index.php\/debates\/","url":"https:\/\/laboratoriodehistoria.pt\/index.php\/debates\/","name":"Debates - Laborat\u00f3rio de Hist\u00f3ria, Territ\u00f3rios e Comunidades","isPartOf":{"@id":"https:\/\/laboratoriodehistoria.pt\/#website"},"datePublished":"2024-07-31T11:27:14+00:00","dateModified":"2024-07-31T11:28:41+00:00","breadcrumb":{"@id":"https:\/\/laboratoriodehistoria.pt\/index.php\/debates\/#breadcrumb"},"inLanguage":"pt-PT","potentialAction":[{"@type":"ReadAction","target":["https:\/\/laboratoriodehistoria.pt\/index.php\/debates\/"]}]},{"@type":"BreadcrumbList","@id":"https:\/\/laboratoriodehistoria.pt\/index.php\/debates\/#breadcrumb","itemListElement":[{"@type":"ListItem","position":1,"name":"Home","item":"https:\/\/laboratoriodehistoria.pt\/"},{"@type":"ListItem","position":2,"name":"Debates"}]},{"@type":"WebSite","@id":"https:\/\/laboratoriodehistoria.pt\/#website","url":"https:\/\/laboratoriodehistoria.pt\/","name":"Laborat\u00f3rio de Hist\u00f3ria, Territ\u00f3rios e Comunidades","description":"","potentialAction":[{"@type":"SearchAction","target":{"@type":"EntryPoint","urlTemplate":"https:\/\/laboratoriodehistoria.pt\/?s={search_term_string}"},"query-input":{"@type":"PropertyValueSpecification","valueRequired":true,"valueName":"search_term_string"}}],"inLanguage":"pt-PT"}]}},"jetpack_sharing_enabled":true,"_links":{"self":[{"href":"https:\/\/laboratoriodehistoria.pt\/index.php\/wp-json\/wp\/v2\/pages\/1808"}],"collection":[{"href":"https:\/\/laboratoriodehistoria.pt\/index.php\/wp-json\/wp\/v2\/pages"}],"about":[{"href":"https:\/\/laboratoriodehistoria.pt\/index.php\/wp-json\/wp\/v2\/types\/page"}],"author":[{"embeddable":true,"href":"https:\/\/laboratoriodehistoria.pt\/index.php\/wp-json\/wp\/v2\/users\/4"}],"replies":[{"embeddable":true,"href":"https:\/\/laboratoriodehistoria.pt\/index.php\/wp-json\/wp\/v2\/comments?post=1808"}],"version-history":[{"count":2,"href":"https:\/\/laboratoriodehistoria.pt\/index.php\/wp-json\/wp\/v2\/pages\/1808\/revisions"}],"predecessor-version":[{"id":1811,"href":"https:\/\/laboratoriodehistoria.pt\/index.php\/wp-json\/wp\/v2\/pages\/1808\/revisions\/1811"}],"wp:attachment":[{"href":"https:\/\/laboratoriodehistoria.pt\/index.php\/wp-json\/wp\/v2\/media?parent=1808"}],"curies":[{"name":"wp","href":"https:\/\/api.w.org\/{rel}","templated":true}]}}