{"id":21,"date":"2015-10-05T09:24:46","date_gmt":"2015-10-05T09:24:46","guid":{"rendered":"https:\/\/laboratoriohistoriaihc.wordpress.com\/?page_id=21"},"modified":"2025-05-28T21:13:31","modified_gmt":"2025-05-28T21:13:31","slug":"apresentacao","status":"publish","type":"page","link":"https:\/\/laboratoriodehistoria.pt\/","title":{"rendered":"Laborat\u00f3rio de Hist\u00f3ria, Territ\u00f3rios e Comunidades"},"content":{"rendered":"\n<div class=\"wp-block-group has-global-padding is-layout-constrained wp-block-group-is-layout-constrained\"><\/div>\n\n\n\n<p><\/p>\n\n\n\n<div class=\"wp-block-columns is-layout-flex wp-container-core-columns-layout-1 wp-block-columns-is-layout-flex\">\n<div class=\"wp-block-column is-layout-flow wp-block-column-is-layout-flow\">\n<figure class=\"wp-block-image size-full is-resized\"><img loading=\"lazy\" decoding=\"async\" width=\"2048\" height=\"1536\" data-attachment-id=\"1033\" data-permalink=\"https:\/\/laboratoriodehistoria.pt\/?attachment_id=1033\" data-orig-file=\"https:\/\/i0.wp.com\/laboratoriodehistoria.pt\/wp-content\/uploads\/2020\/10\/25_abril_visita.jpg?fit=2048%2C1536&amp;ssl=1\" data-orig-size=\"2048,1536\" data-comments-opened=\"1\" data-image-meta=\"{&quot;aperture&quot;:&quot;0&quot;,&quot;credit&quot;:&quot;&quot;,&quot;camera&quot;:&quot;&quot;,&quot;caption&quot;:&quot;&quot;,&quot;created_timestamp&quot;:&quot;0&quot;,&quot;copyright&quot;:&quot;&quot;,&quot;focal_length&quot;:&quot;0&quot;,&quot;iso&quot;:&quot;0&quot;,&quot;shutter_speed&quot;:&quot;0&quot;,&quot;title&quot;:&quot;&quot;,&quot;orientation&quot;:&quot;0&quot;}\" data-image-title=\"25_abril_visita\" data-image-description=\"\" data-image-caption=\"\" data-medium-file=\"https:\/\/i0.wp.com\/laboratoriodehistoria.pt\/wp-content\/uploads\/2020\/10\/25_abril_visita.jpg?fit=300%2C225&amp;ssl=1\" data-large-file=\"https:\/\/i0.wp.com\/laboratoriodehistoria.pt\/wp-content\/uploads\/2020\/10\/25_abril_visita.jpg?fit=1024%2C768&amp;ssl=1\" tabindex=\"0\" role=\"button\" src=\"https:\/\/i0.wp.com\/laboratoriodehistoria.pt\/wp-content\/uploads\/2020\/10\/25_abril_visita.jpg?resize=2048%2C1536&#038;ssl=1\" alt=\"\" class=\"wp-image-1033\" style=\"width:172px;height:auto\" srcset=\"https:\/\/i0.wp.com\/laboratoriodehistoria.pt\/wp-content\/uploads\/2020\/10\/25_abril_visita.jpg?w=2048&amp;ssl=1 2048w, https:\/\/i0.wp.com\/laboratoriodehistoria.pt\/wp-content\/uploads\/2020\/10\/25_abril_visita.jpg?resize=300%2C225&amp;ssl=1 300w, https:\/\/i0.wp.com\/laboratoriodehistoria.pt\/wp-content\/uploads\/2020\/10\/25_abril_visita.jpg?resize=1024%2C768&amp;ssl=1 1024w, https:\/\/i0.wp.com\/laboratoriodehistoria.pt\/wp-content\/uploads\/2020\/10\/25_abril_visita.jpg?resize=768%2C576&amp;ssl=1 768w, https:\/\/i0.wp.com\/laboratoriodehistoria.pt\/wp-content\/uploads\/2020\/10\/25_abril_visita.jpg?resize=1536%2C1152&amp;ssl=1 1536w, https:\/\/i0.wp.com\/laboratoriodehistoria.pt\/wp-content\/uploads\/2020\/10\/25_abril_visita.jpg?resize=800%2C600&amp;ssl=1 800w\" sizes=\"(max-width: 1000px) 100vw, 1000px\" data-recalc-dims=\"1\" \/><\/figure>\n<\/div>\n\n\n\n<div class=\"wp-block-column is-layout-flow wp-block-column-is-layout-flow\">\n<figure class=\"wp-block-image size-full is-resized\"><img loading=\"lazy\" decoding=\"async\" width=\"2048\" height=\"1536\" data-attachment-id=\"1413\" data-permalink=\"https:\/\/laboratoriodehistoria.pt\/index.php\/apresentacao\/piih-cascais-2022_23\/\" data-orig-file=\"https:\/\/i0.wp.com\/laboratoriodehistoria.pt\/wp-content\/uploads\/2024\/02\/PIIH-Cascais-2022_23.jpg?fit=2048%2C1536&amp;ssl=1\" data-orig-size=\"2048,1536\" data-comments-opened=\"1\" data-image-meta=\"{&quot;aperture&quot;:&quot;0&quot;,&quot;credit&quot;:&quot;&quot;,&quot;camera&quot;:&quot;&quot;,&quot;caption&quot;:&quot;&quot;,&quot;created_timestamp&quot;:&quot;0&quot;,&quot;copyright&quot;:&quot;&quot;,&quot;focal_length&quot;:&quot;0&quot;,&quot;iso&quot;:&quot;0&quot;,&quot;shutter_speed&quot;:&quot;0&quot;,&quot;title&quot;:&quot;&quot;,&quot;orientation&quot;:&quot;0&quot;}\" data-image-title=\"PIIH Cascais 2022_23\" data-image-description=\"\" data-image-caption=\"\" data-medium-file=\"https:\/\/i0.wp.com\/laboratoriodehistoria.pt\/wp-content\/uploads\/2024\/02\/PIIH-Cascais-2022_23.jpg?fit=300%2C225&amp;ssl=1\" data-large-file=\"https:\/\/i0.wp.com\/laboratoriodehistoria.pt\/wp-content\/uploads\/2024\/02\/PIIH-Cascais-2022_23.jpg?fit=1024%2C768&amp;ssl=1\" tabindex=\"0\" role=\"button\" src=\"https:\/\/i0.wp.com\/laboratoriodehistoria.pt\/wp-content\/uploads\/2024\/02\/PIIH-Cascais-2022_23.jpg?resize=2048%2C1536&#038;ssl=1\" alt=\"\" class=\"wp-image-1413\" style=\"width:172px;height:auto\" srcset=\"https:\/\/i0.wp.com\/laboratoriodehistoria.pt\/wp-content\/uploads\/2024\/02\/PIIH-Cascais-2022_23.jpg?w=2048&amp;ssl=1 2048w, https:\/\/i0.wp.com\/laboratoriodehistoria.pt\/wp-content\/uploads\/2024\/02\/PIIH-Cascais-2022_23.jpg?resize=300%2C225&amp;ssl=1 300w, https:\/\/i0.wp.com\/laboratoriodehistoria.pt\/wp-content\/uploads\/2024\/02\/PIIH-Cascais-2022_23.jpg?resize=1024%2C768&amp;ssl=1 1024w, https:\/\/i0.wp.com\/laboratoriodehistoria.pt\/wp-content\/uploads\/2024\/02\/PIIH-Cascais-2022_23.jpg?resize=768%2C576&amp;ssl=1 768w, https:\/\/i0.wp.com\/laboratoriodehistoria.pt\/wp-content\/uploads\/2024\/02\/PIIH-Cascais-2022_23.jpg?resize=1536%2C1152&amp;ssl=1 1536w\" sizes=\"(max-width: 1000px) 100vw, 1000px\" data-recalc-dims=\"1\" \/><\/figure>\n<\/div>\n\n\n\n<div class=\"wp-block-column is-layout-flow wp-block-column-is-layout-flow\">\n<figure class=\"wp-block-image size-large is-resized\"><img loading=\"lazy\" decoding=\"async\" width=\"1024\" height=\"675\" data-attachment-id=\"1322\" data-permalink=\"https:\/\/laboratoriodehistoria.pt\/cropped-img_20160122_101235-jpg\/\" data-orig-file=\"https:\/\/i0.wp.com\/laboratoriodehistoria.pt\/wp-content\/uploads\/2020\/10\/cropped-img_20160122_101235.jpg?fit=1500%2C989&amp;ssl=1\" data-orig-size=\"1500,989\" data-comments-opened=\"1\" data-image-meta=\"{&quot;aperture&quot;:&quot;2.8&quot;,&quot;credit&quot;:&quot;&quot;,&quot;camera&quot;:&quot;ALCATEL ONE TOUCH 7041X&quot;,&quot;caption&quot;:&quot;&quot;,&quot;created_timestamp&quot;:&quot;1453457555&quot;,&quot;copyright&quot;:&quot;&quot;,&quot;focal_length&quot;:&quot;3.5&quot;,&quot;iso&quot;:&quot;400&quot;,&quot;shutter_speed&quot;:&quot;0.029995000833194&quot;,&quot;title&quot;:&quot;&quot;,&quot;orientation&quot;:&quot;1&quot;}\" data-image-title=\"cropped-img_20160122_101235.jpg\" data-image-description=\"\" data-image-caption=\"\" data-medium-file=\"https:\/\/i0.wp.com\/laboratoriodehistoria.pt\/wp-content\/uploads\/2020\/10\/cropped-img_20160122_101235.jpg?fit=300%2C198&amp;ssl=1\" data-large-file=\"https:\/\/i0.wp.com\/laboratoriodehistoria.pt\/wp-content\/uploads\/2020\/10\/cropped-img_20160122_101235.jpg?fit=1024%2C675&amp;ssl=1\" tabindex=\"0\" role=\"button\" src=\"https:\/\/i0.wp.com\/laboratoriodehistoria.pt\/wp-content\/uploads\/2020\/10\/cropped-img_20160122_101235.jpg?resize=1024%2C675&#038;ssl=1\" alt=\"\" class=\"wp-image-1322\" style=\"width:194px;height:auto\" srcset=\"https:\/\/i0.wp.com\/laboratoriodehistoria.pt\/wp-content\/uploads\/2020\/10\/cropped-img_20160122_101235.jpg?resize=1024%2C675&amp;ssl=1 1024w, https:\/\/i0.wp.com\/laboratoriodehistoria.pt\/wp-content\/uploads\/2020\/10\/cropped-img_20160122_101235.jpg?resize=300%2C198&amp;ssl=1 300w, https:\/\/i0.wp.com\/laboratoriodehistoria.pt\/wp-content\/uploads\/2020\/10\/cropped-img_20160122_101235.jpg?resize=768%2C506&amp;ssl=1 768w, https:\/\/i0.wp.com\/laboratoriodehistoria.pt\/wp-content\/uploads\/2020\/10\/cropped-img_20160122_101235.jpg?w=1500&amp;ssl=1 1500w\" sizes=\"(max-width: 1000px) 100vw, 1000px\" data-recalc-dims=\"1\" \/><\/figure>\n<\/div>\n<\/div>\n\n\n\n<p>Um espa\u00e7o que se destina \u00e0 sociedade em geral. Est\u00e1 aberto \u00e0 participa\u00e7\u00e3o de investigadores em todas as \u00e1reas do conhecimento, que queriam ensaiar novas pr\u00e1ticas e metodologias e experimentar projetos inovadores envolvendo pr\u00e1ticas de investiga\u00e7\u00e3o hist\u00f3rica.<\/p>\n","protected":false},"excerpt":{"rendered":"<p>Um espa\u00e7o que se destina \u00e0 sociedade em geral. Est\u00e1 aberto \u00e0 participa\u00e7\u00e3o de investigadores em todas as \u00e1reas do conhecimento, que queriam ensaiar novas pr\u00e1ticas e metodologias e experimentar projetos inovadores envolvendo pr\u00e1ticas de investiga\u00e7\u00e3o hist\u00f3rica.<\/p>\n","protected":false},"author":2,"featured_media":0,"parent":0,"menu_order":5,"comment_status":"closed","ping_status":"closed","template":"","meta":{"footnotes":""},"yoast_head":"<!-- This site is optimized with the Yoast SEO plugin v23.5 - https:\/\/yoast.com\/wordpress\/plugins\/seo\/ -->\n<title>Laborat\u00f3rio de Hist\u00f3ria, Territ\u00f3rios e Comunidades - Laborat\u00f3rio de Hist\u00f3ria, Territ\u00f3rios e Comunidades<\/title>\n<meta name=\"robots\" content=\"index, follow, max-snippet:-1, max-image-preview:large, max-video-preview:-1\" \/>\n<link rel=\"canonical\" href=\"https:\/\/laboratoriodehistoria.pt\/\" \/>\n<meta property=\"og:locale\" content=\"pt_PT\" \/>\n<meta property=\"og:type\" content=\"article\" \/>\n<meta property=\"og:title\" content=\"Laborat\u00f3rio de Hist\u00f3ria, Territ\u00f3rios e Comunidades - Laborat\u00f3rio de Hist\u00f3ria, Territ\u00f3rios e Comunidades\" \/>\n<meta property=\"og:description\" content=\"Um espa\u00e7o que se destina \u00e0 sociedade em geral. Est\u00e1 aberto \u00e0 participa\u00e7\u00e3o de investigadores em todas as \u00e1reas do conhecimento, que queriam ensaiar novas pr\u00e1ticas e metodologias e experimentar projetos inovadores envolvendo pr\u00e1ticas de investiga\u00e7\u00e3o hist\u00f3rica.\" \/>\n<meta property=\"og:url\" content=\"https:\/\/laboratoriodehistoria.pt\/\" \/>\n<meta property=\"og:site_name\" content=\"Laborat\u00f3rio de Hist\u00f3ria, Territ\u00f3rios e Comunidades\" \/>\n<meta property=\"article:modified_time\" content=\"2025-05-28T21:13:31+00:00\" \/>\n<meta property=\"og:image\" content=\"https:\/\/laboratoriodehistoria.pt\/wp-content\/uploads\/2020\/10\/25_abril_visita.jpg\" \/>\n<meta name=\"twitter:card\" content=\"summary_large_image\" \/>\n<meta name=\"twitter:label1\" content=\"Tempo estimado de leitura\" \/>\n\t<meta name=\"twitter:data1\" content=\"1 minuto\" \/>\n<script type=\"application\/ld+json\" class=\"yoast-schema-graph\">{\"@context\":\"https:\/\/schema.org\",\"@graph\":[{\"@type\":\"WebPage\",\"@id\":\"https:\/\/laboratoriodehistoria.pt\/\",\"url\":\"https:\/\/laboratoriodehistoria.pt\/\",\"name\":\"Laborat\u00f3rio de Hist\u00f3ria, Territ\u00f3rios e Comunidades - Laborat\u00f3rio de Hist\u00f3ria, Territ\u00f3rios e Comunidades\",\"isPartOf\":{\"@id\":\"https:\/\/laboratoriodehistoria.pt\/#website\"},\"primaryImageOfPage\":{\"@id\":\"https:\/\/laboratoriodehistoria.pt\/#primaryimage\"},\"image\":{\"@id\":\"https:\/\/laboratoriodehistoria.pt\/#primaryimage\"},\"thumbnailUrl\":\"https:\/\/laboratoriodehistoria.pt\/wp-content\/uploads\/2020\/10\/25_abril_visita.jpg\",\"datePublished\":\"2015-10-05T09:24:46+00:00\",\"dateModified\":\"2025-05-28T21:13:31+00:00\",\"breadcrumb\":{\"@id\":\"https:\/\/laboratoriodehistoria.pt\/#breadcrumb\"},\"inLanguage\":\"pt-PT\",\"potentialAction\":[{\"@type\":\"ReadAction\",\"target\":[\"https:\/\/laboratoriodehistoria.pt\/\"]}]},{\"@type\":\"ImageObject\",\"inLanguage\":\"pt-PT\",\"@id\":\"https:\/\/laboratoriodehistoria.pt\/#primaryimage\",\"url\":\"https:\/\/i0.wp.com\/laboratoriodehistoria.pt\/wp-content\/uploads\/2020\/10\/25_abril_visita.jpg?fit=2048%2C1536&ssl=1\",\"contentUrl\":\"https:\/\/i0.wp.com\/laboratoriodehistoria.pt\/wp-content\/uploads\/2020\/10\/25_abril_visita.jpg?fit=2048%2C1536&ssl=1\",\"width\":2048,\"height\":1536},{\"@type\":\"BreadcrumbList\",\"@id\":\"https:\/\/laboratoriodehistoria.pt\/#breadcrumb\",\"itemListElement\":[{\"@type\":\"ListItem\",\"position\":1,\"name\":\"Home\",\"item\":\"https:\/\/laboratoriodehistoria.pt\/\"},{\"@type\":\"ListItem\",\"position\":2,\"name\":\"Laborat\u00f3rio de Hist\u00f3ria, Territ\u00f3rios e Comunidades\"}]},{\"@type\":\"WebSite\",\"@id\":\"https:\/\/laboratoriodehistoria.pt\/#website\",\"url\":\"https:\/\/laboratoriodehistoria.pt\/\",\"name\":\"Laborat\u00f3rio de Hist\u00f3ria, Territ\u00f3rios e Comunidades\",\"description\":\"\",\"potentialAction\":[{\"@type\":\"SearchAction\",\"target\":{\"@type\":\"EntryPoint\",\"urlTemplate\":\"https:\/\/laboratoriodehistoria.pt\/?s={search_term_string}\"},\"query-input\":{\"@type\":\"PropertyValueSpecification\",\"valueRequired\":true,\"valueName\":\"search_term_string\"}}],\"inLanguage\":\"pt-PT\"}]}<\/script>\n<!-- \/ Yoast SEO plugin. -->","yoast_head_json":{"title":"Laborat\u00f3rio de Hist\u00f3ria, Territ\u00f3rios e Comunidades - Laborat\u00f3rio de Hist\u00f3ria, Territ\u00f3rios e Comunidades","robots":{"index":"index","follow":"follow","max-snippet":"max-snippet:-1","max-image-preview":"max-image-preview:large","max-video-preview":"max-video-preview:-1"},"canonical":"https:\/\/laboratoriodehistoria.pt\/","og_locale":"pt_PT","og_type":"article","og_title":"Laborat\u00f3rio de Hist\u00f3ria, Territ\u00f3rios e Comunidades - Laborat\u00f3rio de Hist\u00f3ria, Territ\u00f3rios e Comunidades","og_description":"Um espa\u00e7o que se destina \u00e0 sociedade em geral. Est\u00e1 aberto \u00e0 participa\u00e7\u00e3o de investigadores em todas as \u00e1reas do conhecimento, que queriam ensaiar novas pr\u00e1ticas e metodologias e experimentar projetos inovadores envolvendo pr\u00e1ticas de investiga\u00e7\u00e3o hist\u00f3rica.","og_url":"https:\/\/laboratoriodehistoria.pt\/","og_site_name":"Laborat\u00f3rio de Hist\u00f3ria, Territ\u00f3rios e Comunidades","article_modified_time":"2025-05-28T21:13:31+00:00","og_image":[{"url":"https:\/\/laboratoriodehistoria.pt\/wp-content\/uploads\/2020\/10\/25_abril_visita.jpg"}],"twitter_card":"summary_large_image","twitter_misc":{"Tempo estimado de leitura":"1 minuto"},"schema":{"@context":"https:\/\/schema.org","@graph":[{"@type":"WebPage","@id":"https:\/\/laboratoriodehistoria.pt\/","url":"https:\/\/laboratoriodehistoria.pt\/","name":"Laborat\u00f3rio de Hist\u00f3ria, Territ\u00f3rios e Comunidades - Laborat\u00f3rio de Hist\u00f3ria, Territ\u00f3rios e Comunidades","isPartOf":{"@id":"https:\/\/laboratoriodehistoria.pt\/#website"},"primaryImageOfPage":{"@id":"https:\/\/laboratoriodehistoria.pt\/#primaryimage"},"image":{"@id":"https:\/\/laboratoriodehistoria.pt\/#primaryimage"},"thumbnailUrl":"https:\/\/laboratoriodehistoria.pt\/wp-content\/uploads\/2020\/10\/25_abril_visita.jpg","datePublished":"2015-10-05T09:24:46+00:00","dateModified":"2025-05-28T21:13:31+00:00","breadcrumb":{"@id":"https:\/\/laboratoriodehistoria.pt\/#breadcrumb"},"inLanguage":"pt-PT","potentialAction":[{"@type":"ReadAction","target":["https:\/\/laboratoriodehistoria.pt\/"]}]},{"@type":"ImageObject","inLanguage":"pt-PT","@id":"https:\/\/laboratoriodehistoria.pt\/#primaryimage","url":"https:\/\/i0.wp.com\/laboratoriodehistoria.pt\/wp-content\/uploads\/2020\/10\/25_abril_visita.jpg?fit=2048%2C1536&ssl=1","contentUrl":"https:\/\/i0.wp.com\/laboratoriodehistoria.pt\/wp-content\/uploads\/2020\/10\/25_abril_visita.jpg?fit=2048%2C1536&ssl=1","width":2048,"height":1536},{"@type":"BreadcrumbList","@id":"https:\/\/laboratoriodehistoria.pt\/#breadcrumb","itemListElement":[{"@type":"ListItem","position":1,"name":"Home","item":"https:\/\/laboratoriodehistoria.pt\/"},{"@type":"ListItem","position":2,"name":"Laborat\u00f3rio de Hist\u00f3ria, Territ\u00f3rios e Comunidades"}]},{"@type":"WebSite","@id":"https:\/\/laboratoriodehistoria.pt\/#website","url":"https:\/\/laboratoriodehistoria.pt\/","name":"Laborat\u00f3rio de Hist\u00f3ria, Territ\u00f3rios e Comunidades","description":"","potentialAction":[{"@type":"SearchAction","target":{"@type":"EntryPoint","urlTemplate":"https:\/\/laboratoriodehistoria.pt\/?s={search_term_string}"},"query-input":{"@type":"PropertyValueSpecification","valueRequired":true,"valueName":"search_term_string"}}],"inLanguage":"pt-PT"}]}},"jetpack_sharing_enabled":false,"_links":{"self":[{"href":"https:\/\/laboratoriodehistoria.pt\/index.php\/wp-json\/wp\/v2\/pages\/21"}],"collection":[{"href":"https:\/\/laboratoriodehistoria.pt\/index.php\/wp-json\/wp\/v2\/pages"}],"about":[{"href":"https:\/\/laboratoriodehistoria.pt\/index.php\/wp-json\/wp\/v2\/types\/page"}],"author":[{"embeddable":true,"href":"https:\/\/laboratoriodehistoria.pt\/index.php\/wp-json\/wp\/v2\/users\/2"}],"replies":[{"embeddable":true,"href":"https:\/\/laboratoriodehistoria.pt\/index.php\/wp-json\/wp\/v2\/comments?post=21"}],"version-history":[{"count":48,"href":"https:\/\/laboratoriodehistoria.pt\/index.php\/wp-json\/wp\/v2\/pages\/21\/revisions"}],"predecessor-version":[{"id":1885,"href":"https:\/\/laboratoriodehistoria.pt\/index.php\/wp-json\/wp\/v2\/pages\/21\/revisions\/1885"}],"wp:attachment":[{"href":"https:\/\/laboratoriodehistoria.pt\/index.php\/wp-json\/wp\/v2\/media?parent=21"}],"curies":[{"name":"wp","href":"https:\/\/api.w.org\/{rel}","templated":true}]}}