{"id":59,"date":"2015-10-20T10:04:13","date_gmt":"2015-10-20T10:04:13","guid":{"rendered":"https:\/\/laboratoriohistoriaihc.wordpress.com\/?page_id=59"},"modified":"2024-03-01T11:54:42","modified_gmt":"2024-03-01T11:54:42","slug":"o-laboratorio","status":"publish","type":"page","link":"https:\/\/laboratoriodehistoria.pt\/index.php\/o-laboratorio\/","title":{"rendered":"apresenta\u00e7\u00e3o"},"content":{"rendered":"\n<div class=\"wp-block-columns is-layout-flex wp-container-core-columns-layout-2 wp-block-columns-is-layout-flex\">\n<div class=\"wp-block-column is-layout-flow wp-block-column-is-layout-flow\" style=\"flex-basis:100%\">\n<div class=\"wp-block-cover\"><span aria-hidden=\"true\" class=\"wp-block-cover__background has-background-dim\"><\/span><div class=\"wp-block-cover__inner-container is-layout-flow wp-block-cover-is-layout-flow\">\n<div class=\"wp-block-group is-nowrap is-layout-flex wp-container-core-group-layout-1 wp-block-group-is-layout-flex\">\n<div class=\"wp-block-columns are-vertically-aligned-top is-layout-flex wp-container-core-columns-layout-1 wp-block-columns-is-layout-flex\">\n<div class=\"wp-block-column is-vertically-aligned-top is-layout-flow wp-block-column-is-layout-flow\">\n<figure class=\"wp-block-image size-large\"><img loading=\"lazy\" decoding=\"async\" width=\"1024\" height=\"768\" data-attachment-id=\"1195\" data-permalink=\"https:\/\/laboratoriodehistoria.pt\/index.php\/portfolio\/1193\/visita-es-camoes-setembro-2019\/\" data-orig-file=\"https:\/\/i0.wp.com\/laboratoriodehistoria.pt\/wp-content\/uploads\/2020\/11\/Visita-ES-Camoes-Setembro-2019.jpg?fit=2000%2C1500&amp;ssl=1\" data-orig-size=\"2000,1500\" data-comments-opened=\"1\" data-image-meta=\"{&quot;aperture&quot;:&quot;0&quot;,&quot;credit&quot;:&quot;&quot;,&quot;camera&quot;:&quot;&quot;,&quot;caption&quot;:&quot;&quot;,&quot;created_timestamp&quot;:&quot;0&quot;,&quot;copyright&quot;:&quot;&quot;,&quot;focal_length&quot;:&quot;0&quot;,&quot;iso&quot;:&quot;0&quot;,&quot;shutter_speed&quot;:&quot;0&quot;,&quot;title&quot;:&quot;&quot;,&quot;orientation&quot;:&quot;0&quot;}\" data-image-title=\"Visita-ES-Camoes-Setembro-2019\" data-image-description=\"\" data-image-caption=\"\" data-medium-file=\"https:\/\/i0.wp.com\/laboratoriodehistoria.pt\/wp-content\/uploads\/2020\/11\/Visita-ES-Camoes-Setembro-2019.jpg?fit=300%2C225&amp;ssl=1\" data-large-file=\"https:\/\/i0.wp.com\/laboratoriodehistoria.pt\/wp-content\/uploads\/2020\/11\/Visita-ES-Camoes-Setembro-2019.jpg?fit=1024%2C768&amp;ssl=1\" tabindex=\"0\" role=\"button\" src=\"https:\/\/i0.wp.com\/laboratoriodehistoria.pt\/wp-content\/uploads\/2020\/11\/Visita-ES-Camoes-Setembro-2019.jpg?resize=1024%2C768&#038;ssl=1\" alt=\"\" class=\"wp-image-1195\" srcset=\"https:\/\/i0.wp.com\/laboratoriodehistoria.pt\/wp-content\/uploads\/2020\/11\/Visita-ES-Camoes-Setembro-2019.jpg?resize=1024%2C768&amp;ssl=1 1024w, https:\/\/i0.wp.com\/laboratoriodehistoria.pt\/wp-content\/uploads\/2020\/11\/Visita-ES-Camoes-Setembro-2019.jpg?resize=300%2C225&amp;ssl=1 300w, https:\/\/i0.wp.com\/laboratoriodehistoria.pt\/wp-content\/uploads\/2020\/11\/Visita-ES-Camoes-Setembro-2019.jpg?resize=768%2C576&amp;ssl=1 768w, https:\/\/i0.wp.com\/laboratoriodehistoria.pt\/wp-content\/uploads\/2020\/11\/Visita-ES-Camoes-Setembro-2019.jpg?resize=1536%2C1152&amp;ssl=1 1536w, https:\/\/i0.wp.com\/laboratoriodehistoria.pt\/wp-content\/uploads\/2020\/11\/Visita-ES-Camoes-Setembro-2019.jpg?resize=800%2C600&amp;ssl=1 800w, https:\/\/i0.wp.com\/laboratoriodehistoria.pt\/wp-content\/uploads\/2020\/11\/Visita-ES-Camoes-Setembro-2019.jpg?w=2000&amp;ssl=1 2000w\" sizes=\"(max-width: 1000px) 100vw, 1000px\" data-recalc-dims=\"1\" \/><\/figure>\n\n\n\n<p>Dedicado \u00e0 forma\u00e7\u00e3o em investiga\u00e7\u00e3o e \u00e0 promo\u00e7\u00e3o de projetos experimentais, o Laborat\u00f3rio de Hist\u00f3ria, Territ\u00f3rios e Comunidades \u00e9 um espa\u00e7o de aprendizagem, experimenta\u00e7\u00e3o, inova\u00e7\u00e3o e partilha de conhecimentos.&nbsp;<\/p>\n<\/div>\n\n\n\n<div class=\"wp-block-column is-vertically-aligned-top is-layout-flow wp-block-column-is-layout-flow\">\n<figure class=\"wp-block-image size-large\"><img loading=\"lazy\" decoding=\"async\" width=\"1024\" height=\"768\" data-attachment-id=\"1212\" data-permalink=\"https:\/\/laboratoriodehistoria.pt\/index.php\/apresentacao\/palestra-amadora-setmebro-2019-1\/\" data-orig-file=\"https:\/\/i0.wp.com\/laboratoriodehistoria.pt\/wp-content\/uploads\/2020\/11\/Palestra-Amadora-Setmebro-2019-1.jpg?fit=1440%2C1080&amp;ssl=1\" data-orig-size=\"1440,1080\" data-comments-opened=\"1\" data-image-meta=\"{&quot;aperture&quot;:&quot;0&quot;,&quot;credit&quot;:&quot;&quot;,&quot;camera&quot;:&quot;&quot;,&quot;caption&quot;:&quot;&quot;,&quot;created_timestamp&quot;:&quot;0&quot;,&quot;copyright&quot;:&quot;&quot;,&quot;focal_length&quot;:&quot;0&quot;,&quot;iso&quot;:&quot;0&quot;,&quot;shutter_speed&quot;:&quot;0&quot;,&quot;title&quot;:&quot;&quot;,&quot;orientation&quot;:&quot;0&quot;}\" data-image-title=\"Palestra-Amadora-Setmebro-2019-1\" data-image-description=\"\" data-image-caption=\"\" data-medium-file=\"https:\/\/i0.wp.com\/laboratoriodehistoria.pt\/wp-content\/uploads\/2020\/11\/Palestra-Amadora-Setmebro-2019-1.jpg?fit=300%2C225&amp;ssl=1\" data-large-file=\"https:\/\/i0.wp.com\/laboratoriodehistoria.pt\/wp-content\/uploads\/2020\/11\/Palestra-Amadora-Setmebro-2019-1.jpg?fit=1024%2C768&amp;ssl=1\" tabindex=\"0\" role=\"button\" src=\"https:\/\/i0.wp.com\/laboratoriodehistoria.pt\/wp-content\/uploads\/2020\/11\/Palestra-Amadora-Setmebro-2019-1.jpg?resize=1024%2C768&#038;ssl=1\" alt=\"\" class=\"wp-image-1212\" srcset=\"https:\/\/i0.wp.com\/laboratoriodehistoria.pt\/wp-content\/uploads\/2020\/11\/Palestra-Amadora-Setmebro-2019-1.jpg?resize=1024%2C768&amp;ssl=1 1024w, https:\/\/i0.wp.com\/laboratoriodehistoria.pt\/wp-content\/uploads\/2020\/11\/Palestra-Amadora-Setmebro-2019-1.jpg?resize=300%2C225&amp;ssl=1 300w, https:\/\/i0.wp.com\/laboratoriodehistoria.pt\/wp-content\/uploads\/2020\/11\/Palestra-Amadora-Setmebro-2019-1.jpg?resize=768%2C576&amp;ssl=1 768w, https:\/\/i0.wp.com\/laboratoriodehistoria.pt\/wp-content\/uploads\/2020\/11\/Palestra-Amadora-Setmebro-2019-1.jpg?resize=800%2C600&amp;ssl=1 800w, https:\/\/i0.wp.com\/laboratoriodehistoria.pt\/wp-content\/uploads\/2020\/11\/Palestra-Amadora-Setmebro-2019-1.jpg?w=1440&amp;ssl=1 1440w\" sizes=\"(max-width: 1000px) 100vw, 1000px\" data-recalc-dims=\"1\" \/><\/figure>\n\n\n\n<p>Conta com a colabora\u00e7\u00e3o e o acompanhamento do conjunto vasto e diversificado de investigadores do Hist\u00f3ria, Territ\u00f3rios e Comunidades, um p\u00f3lo do&nbsp;<a href=\"https:\/\/cfe.uc.pt\/\"><em>Centro de Ecologia Funcional &#8211; Ci\u00eancia para as Pessoas e o Planeta<\/em><\/a><em>,<\/em>&nbsp;na Faculdade de Ci\u00eancias Sociais e Humanas da Universidade Nova de Lisboa (HTC CFE NOVA FCSH) especialistas nas diversas \u00e1reas do conhecimento relacionado com a Hist\u00f3ria, o Patrim\u00f3nio e a Mem\u00f3ria.&nbsp;<\/p>\n<\/div>\n\n\n\n<div class=\"wp-block-column is-vertically-aligned-top is-layout-flow wp-block-column-is-layout-flow\">\n<figure class=\"wp-block-image size-large\"><img loading=\"lazy\" decoding=\"async\" width=\"1024\" height=\"768\" data-attachment-id=\"1215\" data-permalink=\"https:\/\/laboratoriodehistoria.pt\/index.php\/apresentacao\/es-pedro-nunes-2019-2\/\" data-orig-file=\"https:\/\/i0.wp.com\/laboratoriodehistoria.pt\/wp-content\/uploads\/2020\/11\/ES-Pedro-Nunes-2019-2.jpg?fit=2048%2C1536&amp;ssl=1\" data-orig-size=\"2048,1536\" data-comments-opened=\"1\" data-image-meta=\"{&quot;aperture&quot;:&quot;0&quot;,&quot;credit&quot;:&quot;&quot;,&quot;camera&quot;:&quot;&quot;,&quot;caption&quot;:&quot;&quot;,&quot;created_timestamp&quot;:&quot;0&quot;,&quot;copyright&quot;:&quot;&quot;,&quot;focal_length&quot;:&quot;0&quot;,&quot;iso&quot;:&quot;0&quot;,&quot;shutter_speed&quot;:&quot;0&quot;,&quot;title&quot;:&quot;&quot;,&quot;orientation&quot;:&quot;0&quot;}\" data-image-title=\"ES-Pedro-Nunes-2019-2\" data-image-description=\"\" data-image-caption=\"\" data-medium-file=\"https:\/\/i0.wp.com\/laboratoriodehistoria.pt\/wp-content\/uploads\/2020\/11\/ES-Pedro-Nunes-2019-2.jpg?fit=300%2C225&amp;ssl=1\" data-large-file=\"https:\/\/i0.wp.com\/laboratoriodehistoria.pt\/wp-content\/uploads\/2020\/11\/ES-Pedro-Nunes-2019-2.jpg?fit=1024%2C768&amp;ssl=1\" tabindex=\"0\" role=\"button\" src=\"https:\/\/i0.wp.com\/laboratoriodehistoria.pt\/wp-content\/uploads\/2020\/11\/ES-Pedro-Nunes-2019-2.jpg?resize=1024%2C768&#038;ssl=1\" alt=\"\" class=\"wp-image-1215\" srcset=\"https:\/\/i0.wp.com\/laboratoriodehistoria.pt\/wp-content\/uploads\/2020\/11\/ES-Pedro-Nunes-2019-2.jpg?resize=1024%2C768&amp;ssl=1 1024w, https:\/\/i0.wp.com\/laboratoriodehistoria.pt\/wp-content\/uploads\/2020\/11\/ES-Pedro-Nunes-2019-2.jpg?resize=300%2C225&amp;ssl=1 300w, https:\/\/i0.wp.com\/laboratoriodehistoria.pt\/wp-content\/uploads\/2020\/11\/ES-Pedro-Nunes-2019-2.jpg?resize=768%2C576&amp;ssl=1 768w, https:\/\/i0.wp.com\/laboratoriodehistoria.pt\/wp-content\/uploads\/2020\/11\/ES-Pedro-Nunes-2019-2.jpg?resize=1536%2C1152&amp;ssl=1 1536w, https:\/\/i0.wp.com\/laboratoriodehistoria.pt\/wp-content\/uploads\/2020\/11\/ES-Pedro-Nunes-2019-2.jpg?resize=800%2C600&amp;ssl=1 800w, https:\/\/i0.wp.com\/laboratoriodehistoria.pt\/wp-content\/uploads\/2020\/11\/ES-Pedro-Nunes-2019-2.jpg?w=2048&amp;ssl=1 2048w\" sizes=\"(max-width: 1000px) 100vw, 1000px\" data-recalc-dims=\"1\" \/><\/figure>\n\n\n\n<p>Na sua atividade integram-se programas de introdu\u00e7\u00e3o \u00e0 investiga\u00e7\u00e3o hist\u00f3rica e iniciativas diversas que visam o ensaio de novas pr\u00e1ticas de investiga\u00e7\u00e3o, estimulando o desenvolvimento de compet\u00eancias de investiga\u00e7\u00e3o (quer ao n\u00edvel da literacia da&nbsp;informa\u00e7\u00e3o, quer ao n\u00edvel da sua problematiza\u00e7\u00e3o e interpreta\u00e7\u00e3o) e a realiza\u00e7\u00e3o de projetos que tenham por miss\u00e3o envolver a academia e a sociedade em geral e promover o conhecimento e a cultura hist\u00f3rica.&nbsp;<\/p>\n<\/div>\n<\/div>\n<\/div>\n<\/div><\/div>\n<\/div>\n<\/div>\n\n\n\n<div class=\"wp-block-columns is-layout-flex wp-container-core-columns-layout-5 wp-block-columns-is-layout-flex\">\n<div class=\"wp-block-column is-layout-flow wp-block-column-is-layout-flow\" style=\"flex-basis:100%\">\n<div class=\"wp-block-group has-global-padding is-layout-constrained wp-block-group-is-layout-constrained\">\n<div class=\"wp-block-columns is-layout-flex wp-container-core-columns-layout-4 wp-block-columns-is-layout-flex\">\n<div class=\"wp-block-column is-layout-flow wp-block-column-is-layout-flow\" style=\"flex-basis:100%\">\n<p><a href=\"https:\/\/laboratoriodehistoria.pt\/wp-content\/uploads\/2024\/02\/folheto-LabHTC-2024.pdf\"><strong>Folheto de apresenta\u00e7<\/strong><\/a><a href=\"https:\/\/laboratoriodehistoria.pt\/wp-content\/uploads\/2024\/02\/folheto-LabHTC-2024.pdf\" target=\"_blank\" rel=\"noreferrer noopener\"><strong>\u00e3o<\/strong><\/a><\/p>\n\n\n\n<div class=\"wp-block-columns is-layout-flex wp-container-core-columns-layout-3 wp-block-columns-is-layout-flex\">\n<div class=\"wp-block-column is-layout-flow wp-block-column-is-layout-flow\"><\/div>\n\n\n\n<div class=\"wp-block-column is-layout-flow wp-block-column-is-layout-flow\"><\/div>\n\n\n\n<div class=\"wp-block-column is-layout-flow wp-block-column-is-layout-flow\"><\/div>\n<\/div>\n<\/div>\n<\/div>\n<\/div>\n<\/div>\n<\/div>\n\n\n\n<p><\/p>\n","protected":false},"excerpt":{"rendered":"<p>Folheto de apresenta\u00e7\u00e3o<\/p>\n","protected":false},"author":2,"featured_media":515,"parent":0,"menu_order":3,"comment_status":"closed","ping_status":"closed","template":"","meta":{"footnotes":""},"yoast_head":"<!-- This site is optimized with the Yoast SEO plugin v23.5 - https:\/\/yoast.com\/wordpress\/plugins\/seo\/ -->\n<title>apresenta\u00e7\u00e3o - Laborat\u00f3rio de Hist\u00f3ria, Territ\u00f3rios e Comunidades<\/title>\n<meta name=\"robots\" content=\"index, follow, max-snippet:-1, max-image-preview:large, max-video-preview:-1\" \/>\n<link rel=\"canonical\" href=\"https:\/\/laboratoriodehistoria.pt\/index.php\/o-laboratorio\/\" \/>\n<meta property=\"og:locale\" content=\"pt_PT\" \/>\n<meta property=\"og:type\" content=\"article\" \/>\n<meta property=\"og:title\" content=\"apresenta\u00e7\u00e3o - Laborat\u00f3rio de Hist\u00f3ria, Territ\u00f3rios e Comunidades\" \/>\n<meta property=\"og:description\" content=\"Folheto de apresenta\u00e7\u00e3o\" \/>\n<meta property=\"og:url\" content=\"https:\/\/laboratoriodehistoria.pt\/index.php\/o-laboratorio\/\" \/>\n<meta property=\"og:site_name\" content=\"Laborat\u00f3rio de Hist\u00f3ria, Territ\u00f3rios e Comunidades\" \/>\n<meta property=\"article:modified_time\" content=\"2024-03-01T11:54:42+00:00\" \/>\n<meta name=\"twitter:card\" content=\"summary_large_image\" \/>\n<meta name=\"twitter:label1\" content=\"Tempo estimado de leitura\" \/>\n\t<meta name=\"twitter:data1\" content=\"2 minutos\" \/>\n<script type=\"application\/ld+json\" class=\"yoast-schema-graph\">{\"@context\":\"https:\/\/schema.org\",\"@graph\":[{\"@type\":\"WebPage\",\"@id\":\"https:\/\/laboratoriodehistoria.pt\/index.php\/o-laboratorio\/\",\"url\":\"https:\/\/laboratoriodehistoria.pt\/index.php\/o-laboratorio\/\",\"name\":\"apresenta\u00e7\u00e3o - Laborat\u00f3rio de Hist\u00f3ria, Territ\u00f3rios e Comunidades\",\"isPartOf\":{\"@id\":\"https:\/\/laboratoriodehistoria.pt\/#website\"},\"primaryImageOfPage\":{\"@id\":\"https:\/\/laboratoriodehistoria.pt\/index.php\/o-laboratorio\/#primaryimage\"},\"image\":{\"@id\":\"https:\/\/laboratoriodehistoria.pt\/index.php\/o-laboratorio\/#primaryimage\"},\"thumbnailUrl\":\"\",\"datePublished\":\"2015-10-20T10:04:13+00:00\",\"dateModified\":\"2024-03-01T11:54:42+00:00\",\"breadcrumb\":{\"@id\":\"https:\/\/laboratoriodehistoria.pt\/index.php\/o-laboratorio\/#breadcrumb\"},\"inLanguage\":\"pt-PT\",\"potentialAction\":[{\"@type\":\"ReadAction\",\"target\":[\"https:\/\/laboratoriodehistoria.pt\/index.php\/o-laboratorio\/\"]}]},{\"@type\":\"ImageObject\",\"inLanguage\":\"pt-PT\",\"@id\":\"https:\/\/laboratoriodehistoria.pt\/index.php\/o-laboratorio\/#primaryimage\",\"url\":\"\",\"contentUrl\":\"\"},{\"@type\":\"BreadcrumbList\",\"@id\":\"https:\/\/laboratoriodehistoria.pt\/index.php\/o-laboratorio\/#breadcrumb\",\"itemListElement\":[{\"@type\":\"ListItem\",\"position\":1,\"name\":\"Home\",\"item\":\"https:\/\/laboratoriodehistoria.pt\/\"},{\"@type\":\"ListItem\",\"position\":2,\"name\":\"apresenta\u00e7\u00e3o\"}]},{\"@type\":\"WebSite\",\"@id\":\"https:\/\/laboratoriodehistoria.pt\/#website\",\"url\":\"https:\/\/laboratoriodehistoria.pt\/\",\"name\":\"Laborat\u00f3rio de Hist\u00f3ria, Territ\u00f3rios e Comunidades\",\"description\":\"\",\"potentialAction\":[{\"@type\":\"SearchAction\",\"target\":{\"@type\":\"EntryPoint\",\"urlTemplate\":\"https:\/\/laboratoriodehistoria.pt\/?s={search_term_string}\"},\"query-input\":{\"@type\":\"PropertyValueSpecification\",\"valueRequired\":true,\"valueName\":\"search_term_string\"}}],\"inLanguage\":\"pt-PT\"}]}<\/script>\n<!-- \/ Yoast SEO plugin. -->","yoast_head_json":{"title":"apresenta\u00e7\u00e3o - Laborat\u00f3rio de Hist\u00f3ria, Territ\u00f3rios e Comunidades","robots":{"index":"index","follow":"follow","max-snippet":"max-snippet:-1","max-image-preview":"max-image-preview:large","max-video-preview":"max-video-preview:-1"},"canonical":"https:\/\/laboratoriodehistoria.pt\/index.php\/o-laboratorio\/","og_locale":"pt_PT","og_type":"article","og_title":"apresenta\u00e7\u00e3o - Laborat\u00f3rio de Hist\u00f3ria, Territ\u00f3rios e Comunidades","og_description":"Folheto de apresenta\u00e7\u00e3o","og_url":"https:\/\/laboratoriodehistoria.pt\/index.php\/o-laboratorio\/","og_site_name":"Laborat\u00f3rio de Hist\u00f3ria, Territ\u00f3rios e Comunidades","article_modified_time":"2024-03-01T11:54:42+00:00","twitter_card":"summary_large_image","twitter_misc":{"Tempo estimado de leitura":"2 minutos"},"schema":{"@context":"https:\/\/schema.org","@graph":[{"@type":"WebPage","@id":"https:\/\/laboratoriodehistoria.pt\/index.php\/o-laboratorio\/","url":"https:\/\/laboratoriodehistoria.pt\/index.php\/o-laboratorio\/","name":"apresenta\u00e7\u00e3o - Laborat\u00f3rio de Hist\u00f3ria, Territ\u00f3rios e Comunidades","isPartOf":{"@id":"https:\/\/laboratoriodehistoria.pt\/#website"},"primaryImageOfPage":{"@id":"https:\/\/laboratoriodehistoria.pt\/index.php\/o-laboratorio\/#primaryimage"},"image":{"@id":"https:\/\/laboratoriodehistoria.pt\/index.php\/o-laboratorio\/#primaryimage"},"thumbnailUrl":"","datePublished":"2015-10-20T10:04:13+00:00","dateModified":"2024-03-01T11:54:42+00:00","breadcrumb":{"@id":"https:\/\/laboratoriodehistoria.pt\/index.php\/o-laboratorio\/#breadcrumb"},"inLanguage":"pt-PT","potentialAction":[{"@type":"ReadAction","target":["https:\/\/laboratoriodehistoria.pt\/index.php\/o-laboratorio\/"]}]},{"@type":"ImageObject","inLanguage":"pt-PT","@id":"https:\/\/laboratoriodehistoria.pt\/index.php\/o-laboratorio\/#primaryimage","url":"","contentUrl":""},{"@type":"BreadcrumbList","@id":"https:\/\/laboratoriodehistoria.pt\/index.php\/o-laboratorio\/#breadcrumb","itemListElement":[{"@type":"ListItem","position":1,"name":"Home","item":"https:\/\/laboratoriodehistoria.pt\/"},{"@type":"ListItem","position":2,"name":"apresenta\u00e7\u00e3o"}]},{"@type":"WebSite","@id":"https:\/\/laboratoriodehistoria.pt\/#website","url":"https:\/\/laboratoriodehistoria.pt\/","name":"Laborat\u00f3rio de Hist\u00f3ria, Territ\u00f3rios e Comunidades","description":"","potentialAction":[{"@type":"SearchAction","target":{"@type":"EntryPoint","urlTemplate":"https:\/\/laboratoriodehistoria.pt\/?s={search_term_string}"},"query-input":{"@type":"PropertyValueSpecification","valueRequired":true,"valueName":"search_term_string"}}],"inLanguage":"pt-PT"}]}},"jetpack_sharing_enabled":true,"_links":{"self":[{"href":"https:\/\/laboratoriodehistoria.pt\/index.php\/wp-json\/wp\/v2\/pages\/59"}],"collection":[{"href":"https:\/\/laboratoriodehistoria.pt\/index.php\/wp-json\/wp\/v2\/pages"}],"about":[{"href":"https:\/\/laboratoriodehistoria.pt\/index.php\/wp-json\/wp\/v2\/types\/page"}],"author":[{"embeddable":true,"href":"https:\/\/laboratoriodehistoria.pt\/index.php\/wp-json\/wp\/v2\/users\/2"}],"replies":[{"embeddable":true,"href":"https:\/\/laboratoriodehistoria.pt\/index.php\/wp-json\/wp\/v2\/comments?post=59"}],"version-history":[{"count":17,"href":"https:\/\/laboratoriodehistoria.pt\/index.php\/wp-json\/wp\/v2\/pages\/59\/revisions"}],"predecessor-version":[{"id":1547,"href":"https:\/\/laboratoriodehistoria.pt\/index.php\/wp-json\/wp\/v2\/pages\/59\/revisions\/1547"}],"wp:featuredmedia":[{"embeddable":true,"href":"https:\/\/laboratoriodehistoria.pt\/index.php\/wp-json\/"}],"wp:attachment":[{"href":"https:\/\/laboratoriodehistoria.pt\/index.php\/wp-json\/wp\/v2\/media?parent=59"}],"curies":[{"name":"wp","href":"https:\/\/api.w.org\/{rel}","templated":true}]}}